{"id":3720,"date":"2023-05-12T13:05:14","date_gmt":"2023-05-12T11:05:14","guid":{"rendered":"https:\/\/alicia.cat\/contacte\/"},"modified":"2025-06-03T08:30:33","modified_gmt":"2025-06-03T06:30:33","slug":"contact-us","status":"publish","type":"page","link":"https:\/\/alicia.cat\/en\/contact-us\/","title":{"rendered":"Contact us"},"content":{"rendered":"\t\t<div data-elementor-type=\"wp-page\" data-elementor-id=\"3720\" class=\"elementor elementor-3720 elementor-2527\" data-elementor-post-type=\"page\">\n\t\t\t\t\t\t<section class=\"elementor-section elementor-top-section elementor-element elementor-element-6bcdf5d elementor-section-full_width elementor-section-height-default elementor-section-height-default elementor-invisible\" data-id=\"6bcdf5d\" data-element_type=\"section\" data-e-type=\"section\" data-settings=\"{&quot;animation&quot;:&quot;fadeIn&quot;}\">\n\t\t\t\t\t\t<div class=\"elementor-container elementor-column-gap-no\">\n\t\t\t\t\t<div class=\"elementor-column elementor-col-100 elementor-top-column elementor-element elementor-element-334f48cc\" data-id=\"334f48cc\" data-element_type=\"column\" data-e-type=\"column\">\n\t\t\t<div class=\"elementor-widget-wrap elementor-element-populated\">\n\t\t\t\t\t\t<section class=\"elementor-section elementor-inner-section elementor-element elementor-element-20edb10e elementor-section-height-min-height elementor-section-content-middle elementor-section-boxed elementor-section-height-default\" data-id=\"20edb10e\" data-element_type=\"section\" data-e-type=\"section\" data-settings=\"{&quot;background_background&quot;:&quot;classic&quot;}\">\n\t\t\t\t\t\t\t<div class=\"elementor-background-overlay\"><\/div>\n\t\t\t\t\t\t\t<div class=\"elementor-container elementor-column-gap-default\">\n\t\t\t\t\t<div class=\"elementor-column elementor-col-100 elementor-inner-column elementor-element elementor-element-468a503f\" data-id=\"468a503f\" data-element_type=\"column\" data-e-type=\"column\">\n\t\t\t<div class=\"elementor-widget-wrap elementor-element-populated\">\n\t\t\t\t\t\t<div class=\"elementor-element elementor-element-4cd0eded elementor-widget elementor-widget-heading\" data-id=\"4cd0eded\" data-element_type=\"widget\" data-e-type=\"widget\" data-widget_type=\"heading.default\">\n\t\t\t\t<div class=\"elementor-widget-container\">\n\t\t\t\t\t<h1 class=\"elementor-heading-title elementor-size-default\">Contact us<\/h1>\t\t\t\t<\/div>\n\t\t\t\t<\/div>\n\t\t\t\t\t<\/div>\n\t\t<\/div>\n\t\t\t\t\t<\/div>\n\t\t<\/section>\n\t\t\t\t<section class=\"elementor-section elementor-inner-section elementor-element elementor-element-6e4a3d6f elementor-section-boxed elementor-section-height-default elementor-section-height-default\" data-id=\"6e4a3d6f\" data-element_type=\"section\" data-e-type=\"section\" data-settings=\"{&quot;background_background&quot;:&quot;classic&quot;}\">\n\t\t\t\t\t\t<div class=\"elementor-container elementor-column-gap-default\">\n\t\t\t\t\t<div class=\"elementor-column elementor-col-100 elementor-inner-column elementor-element elementor-element-25ba6aaf\" data-id=\"25ba6aaf\" data-element_type=\"column\" data-e-type=\"column\">\n\t\t\t<div class=\"elementor-widget-wrap elementor-element-populated\">\n\t\t\t\t\t\t<div class=\"elementor-element elementor-element-305f26a2 elementor-widget elementor-widget-text-editor\" data-id=\"305f26a2\" data-element_type=\"widget\" data-e-type=\"widget\" data-widget_type=\"text-editor.default\">\n\t\t\t\t<div class=\"elementor-widget-container\">\n\t\t\t\t\t\t\t\t\t<p>The Al\u00edcia headquarters is at M\u00f3n Sant Benet in Sant Fruit\u00f3s de Bages, quite close to Manresa and just 45 minutes from Barcelona.<\/p>\t\t\t\t\t\t\t\t<\/div>\n\t\t\t\t<\/div>\n\t\t\t\t<div class=\"elementor-element elementor-element-2aba276 elementor-widget elementor-widget-text-editor\" data-id=\"2aba276\" data-element_type=\"widget\" data-e-type=\"widget\" data-widget_type=\"text-editor.default\">\n\t\t\t\t<div class=\"elementor-widget-container\">\n\t\t\t\t\t\t\t\t\t<p>It\u2019s an 18-hectare cultural and leisure site that merges medieval art, gastronomy and nature to offer a unique and singular venue in Catalonia featuring the Sant Benet monastery.<\/p>\t\t\t\t\t\t\t\t<\/div>\n\t\t\t\t<\/div>\n\t\t\t\t\t<\/div>\n\t\t<\/div>\n\t\t\t\t\t<\/div>\n\t\t<\/section>\n\t\t\t\t\t<\/div>\n\t\t<\/div>\n\t\t\t\t\t<\/div>\n\t\t<\/section>\n\t\t\t\t<section class=\"elementor-section elementor-top-section elementor-element elementor-element-4a0ffb5 elementor-section-boxed elementor-section-height-default elementor-section-height-default\" data-id=\"4a0ffb5\" data-element_type=\"section\" data-e-type=\"section\">\n\t\t\t\t\t\t<div class=\"elementor-container elementor-column-gap-default\">\n\t\t\t\t\t<div class=\"elementor-column elementor-col-50 elementor-top-column elementor-element elementor-element-e4337f4 elementor-invisible\" data-id=\"e4337f4\" data-element_type=\"column\" data-e-type=\"column\" data-settings=\"{&quot;animation&quot;:&quot;fadeInLeft&quot;}\">\n\t\t\t<div class=\"elementor-widget-wrap elementor-element-populated\">\n\t\t\t\t\t\t<div class=\"elementor-element elementor-element-0fcdfa3 elementor-position-left elementor-vertical-align-top elementor-widget elementor-widget-image-box\" data-id=\"0fcdfa3\" data-element_type=\"widget\" data-e-type=\"widget\" data-widget_type=\"image-box.default\">\n\t\t\t\t<div class=\"elementor-widget-container\">\n\t\t\t\t\t<div class=\"elementor-image-box-wrapper\"><figure class=\"elementor-image-box-img\"><img decoding=\"async\" width=\"65\" height=\"55\" src=\"https:\/\/alicia.cat\/wp-content\/uploads\/2023\/05\/contacte_logo_alicia.svg\" class=\"attachment-full size-full wp-image-2533\" alt=\"\" \/><\/figure><div class=\"elementor-image-box-content\"><h2 class=\"elementor-image-box-title\">Al\u00edcia<\/h2><p class=\"elementor-image-box-description\"><a href=\"tel:34938759402\">+34 938 759 402<\/a><br \/> \n<a href=\"mailto:info@alicia.cat\">info@alicia.cat<\/a><\/p><\/div><\/div>\t\t\t\t<\/div>\n\t\t\t\t<\/div>\n\t\t\t\t<div class=\"elementor-element elementor-element-27fe323 elementor-position-left elementor-vertical-align-top elementor-widget elementor-widget-image-box\" data-id=\"27fe323\" data-element_type=\"widget\" data-e-type=\"widget\" data-widget_type=\"image-box.default\">\n\t\t\t\t<div class=\"elementor-widget-container\">\n\t\t\t\t\t<div class=\"elementor-image-box-wrapper\"><figure class=\"elementor-image-box-img\"><img decoding=\"async\" width=\"78\" height=\"70\" src=\"https:\/\/alicia.cat\/wp-content\/uploads\/2023\/05\/logo_msb.svg\" class=\"attachment-full size-full wp-image-2543\" alt=\"\" \/><\/figure><div class=\"elementor-image-box-content\"><h2 class=\"elementor-image-box-title\">Visits<\/h2><p class=\"elementor-image-box-description\"><a href=\"tel:34938759401\">+34 938 759 401<\/a><br \/> \n<a href=\"mailto:info@monstbenet.com\">info@monstbenet.com<\/a><\/p><\/div><\/div>\t\t\t\t<\/div>\n\t\t\t\t<\/div>\n\t\t\t\t\t<\/div>\n\t\t<\/div>\n\t\t\t\t<div class=\"elementor-column elementor-col-50 elementor-top-column elementor-element elementor-element-97315b7 elementor-invisible\" data-id=\"97315b7\" data-element_type=\"column\" data-e-type=\"column\" data-settings=\"{&quot;animation&quot;:&quot;fadeInRight&quot;}\">\n\t\t\t<div class=\"elementor-widget-wrap elementor-element-populated\">\n\t\t\t\t\t\t<div class=\"elementor-element elementor-element-a6593ec elementor-button-align-start form_contacte elementor-widget elementor-widget-form\" data-id=\"a6593ec\" data-element_type=\"widget\" data-e-type=\"widget\" data-settings=\"{&quot;step_next_label&quot;:&quot;Next&quot;,&quot;step_previous_label&quot;:&quot;Previous&quot;,&quot;button_width&quot;:&quot;100&quot;,&quot;step_type&quot;:&quot;number_text&quot;,&quot;step_icon_shape&quot;:&quot;circle&quot;}\" data-widget_type=\"form.default\">\n\t\t\t\t<div class=\"elementor-widget-container\">\n\t\t\t\t\t\t\t<form class=\"elementor-form\" method=\"post\" id=\"contacte_en\" name=\"Contacte - ENG\" aria-label=\"Contacte - ENG\">\n\t\t\t<input type=\"hidden\" name=\"post_id\" value=\"3720\"\/>\n\t\t\t<input type=\"hidden\" name=\"form_id\" value=\"a6593ec\"\/>\n\t\t\t<input type=\"hidden\" name=\"referer_title\" value=\"Fundaci\u00f3 Al\u00edcia\" \/>\n\n\t\t\t\n\t\t\t<div class=\"elementor-form-fields-wrapper elementor-labels-\">\n\t\t\t\t\t\t\t\t<div class=\"elementor-field-type-text elementor-field-group elementor-column elementor-field-group-name elementor-col-100\">\n\t\t\t\t\t\t\t\t\t\t\t\t<label for=\"form-field-name\" class=\"elementor-field-label elementor-screen-only\">\n\t\t\t\t\t\t\t\tFull name\t\t\t\t\t\t\t<\/label>\n\t\t\t\t\t\t\t\t\t\t\t\t\t\t<input size=\"1\" type=\"text\" name=\"form_fields[name]\" id=\"form-field-name\" class=\"elementor-field elementor-size-sm  elementor-field-textual\" placeholder=\"Full name\">\n\t\t\t\t\t\t\t\t\t\t\t<\/div>\n\t\t\t\t\t\t\t\t<div class=\"elementor-field-type-email elementor-field-group elementor-column elementor-field-group-email elementor-col-100 elementor-field-required\">\n\t\t\t\t\t\t\t\t\t\t\t\t<label for=\"form-field-email\" class=\"elementor-field-label elementor-screen-only\">\n\t\t\t\t\t\t\t\tEmail\t\t\t\t\t\t\t<\/label>\n\t\t\t\t\t\t\t\t\t\t\t\t\t\t<input size=\"1\" type=\"email\" name=\"form_fields[email]\" id=\"form-field-email\" class=\"elementor-field elementor-size-sm  elementor-field-textual\" placeholder=\"Email\" required=\"required\">\n\t\t\t\t\t\t\t\t\t\t\t<\/div>\n\t\t\t\t\t\t\t\t<div class=\"elementor-field-type-tel elementor-field-group elementor-column elementor-field-group-field_657f73a elementor-col-100\">\n\t\t\t\t\t\t\t\t\t\t\t\t<label for=\"form-field-field_657f73a\" class=\"elementor-field-label elementor-screen-only\">\n\t\t\t\t\t\t\t\tTelephone\t\t\t\t\t\t\t<\/label>\n\t\t\t\t\t\t\t\t<input size=\"1\" type=\"tel\" name=\"form_fields[field_657f73a]\" id=\"form-field-field_657f73a\" class=\"elementor-field elementor-size-sm  elementor-field-textual\" placeholder=\"Telephone\" pattern=\"[0-9()#&amp;+*-=.]+\" title=\"Only numbers and phone characters (#, -, *, etc) are accepted.\">\n\n\t\t\t\t\t\t<\/div>\n\t\t\t\t\t\t\t\t<div class=\"elementor-field-type-textarea elementor-field-group elementor-column elementor-field-group-message elementor-col-100\">\n\t\t\t\t\t\t\t\t\t\t\t\t<label for=\"form-field-message\" class=\"elementor-field-label elementor-screen-only\">\n\t\t\t\t\t\t\t\tMessage \t\t\t\t\t\t\t<\/label>\n\t\t\t\t\t\t<textarea class=\"elementor-field-textual elementor-field  elementor-size-sm\" name=\"form_fields[message]\" id=\"form-field-message\" rows=\"4\" placeholder=\"Message \"><\/textarea>\t\t\t\t<\/div>\n\t\t\t\t\t\t\t\t<div class=\"elementor-field-type-html elementor-field-group elementor-column elementor-field-group-field_ef388b3 elementor-col-100\">\n\t\t\t\t\tFUNDACI\u00d3 AL\u00cdCIA ALIMENTACI\u00d3 I CI\u00c8NCIA, F.P. as the data controller will process your data for the purpose of replying to your query or request. You may access, rectify and erase your data, and also exercise other rights by consulting the additional detailed\ninformation on data protection in our <a href=\"https:\/\/alicia.cat\/en\/privacy-policy\/\" target=\"_blank\">Privacy Policy<\/a>.\t\t\t\t<\/div>\n\t\t\t\t\t\t\t\t<div class=\"elementor-field-type-acceptance elementor-field-group elementor-column elementor-field-group-field_64826f8 elementor-col-100 elementor-field-required\">\n\t\t\t\t\t\t\t\t\t\t\t\t<label for=\"form-field-field_64826f8\" class=\"elementor-field-label elementor-screen-only\">\n\t\t\t\t\t\t\t\tPrivacy Policy conditions acceptance\t\t\t\t\t\t\t<\/label>\n\t\t\t\t\t\t\t\t<div class=\"elementor-field-subgroup\">\n\t\t\t<span class=\"elementor-field-option\">\n\t\t\t\t<input type=\"checkbox\" name=\"form_fields[field_64826f8]\" id=\"form-field-field_64826f8\" class=\"elementor-field elementor-size-sm  elementor-acceptance-field\" required=\"required\">\n\t\t\t\t<label for=\"form-field-field_64826f8\">I have read and accept the conditions contained in the <a href=\"https:\/\/alicia.cat\/en\/privacy-policy\/\" target=\"_blank\">privacy policy<\/a> on processing of my data to manage my query or request.\n<\/label>\t\t\t<\/span>\n\t\t<\/div>\n\t\t\t\t\t\t<\/div>\n\t\t\t\t\t\t\t\t<div class=\"elementor-field-type-recaptcha_v3 elementor-field-group elementor-column elementor-field-group-field_dc2f12b elementor-col-100 recaptcha_v3-bottomright\">\n\t\t\t\t\t<div class=\"elementor-field\" id=\"form-field-field_dc2f12b\"><div class=\"elementor-g-recaptcha\" data-sitekey=\"6LfJToofAAAAAB3PVQAPKBTNsymJn05edbUT0lrT\" data-type=\"v3\" data-action=\"Form\" data-badge=\"bottomright\" data-size=\"invisible\"><\/div><\/div>\t\t\t\t<\/div>\n\t\t\t\t\t\t\t\t<div class=\"elementor-field-group elementor-column elementor-field-type-submit elementor-col-100 e-form__buttons\">\n\t\t\t\t\t<button class=\"elementor-button elementor-size-sm\" type=\"submit\">\n\t\t\t\t\t\t<span class=\"elementor-button-content-wrapper\">\n\t\t\t\t\t\t\t\t\t\t\t\t\t\t\t<span class=\"elementor-button-icon\">\n\t\t\t\t\t\t\t\t\t<svg aria-hidden=\"true\" class=\"e-font-icon-svg e-fas-angle-right\" viewBox=\"0 0 256 512\" xmlns=\"http:\/\/www.w3.org\/2000\/svg\"><path d=\"M224.3 273l-136 136c-9.4 9.4-24.6 9.4-33.9 0l-22.6-22.6c-9.4-9.4-9.4-24.6 0-33.9l96.4-96.4-96.4-96.4c-9.4-9.4-9.4-24.6 0-33.9L54.3 103c9.4-9.4 24.6-9.4 33.9 0l136 136c9.5 9.4 9.5 24.6.1 34z\"><\/path><\/svg>\t\t\t\t\t\t\t\t\t\t\t\t\t\t\t\t\t<\/span>\n\t\t\t\t\t\t\t\t\t\t\t\t\t\t\t\t\t\t\t\t\t\t<span class=\"elementor-button-text\">Submit<\/span>\n\t\t\t\t\t\t\t\t\t\t\t\t\t<\/span>\n\t\t\t\t\t<\/button>\n\t\t\t\t<\/div>\n\t\t\t<\/div>\n\t\t<\/form>\n\t\t\t\t\t\t<\/div>\n\t\t\t\t<\/div>\n\t\t\t\t\t<\/div>\n\t\t<\/div>\n\t\t\t\t\t<\/div>\n\t\t<\/section>\n\t\t\t\t<section class=\"elementor-section elementor-top-section elementor-element elementor-element-dd8ec2b elementor-section-boxed elementor-section-height-default elementor-section-height-default elementor-invisible\" data-id=\"dd8ec2b\" data-element_type=\"section\" data-e-type=\"section\" data-settings=\"{&quot;background_background&quot;:&quot;classic&quot;,&quot;animation&quot;:&quot;fadeIn&quot;}\">\n\t\t\t\t\t\t<div class=\"elementor-container elementor-column-gap-default\">\n\t\t\t\t\t<div class=\"elementor-column elementor-col-100 elementor-top-column elementor-element elementor-element-6e7f3ba\" data-id=\"6e7f3ba\" data-element_type=\"column\" data-e-type=\"column\">\n\t\t\t<div class=\"elementor-widget-wrap elementor-element-populated\">\n\t\t\t\t\t\t<div class=\"elementor-element elementor-element-6512b54 elementor-widget elementor-widget-text-editor\" data-id=\"6512b54\" data-element_type=\"widget\" data-e-type=\"widget\" data-widget_type=\"text-editor.default\">\n\t\t\t\t<div class=\"elementor-widget-container\">\n\t\t\t\t\t\t\t\t\t<p>Fundaci\u00f3 Al\u00edcia, Alimentaci\u00f3 i Ci\u00e8ncia, a private foundation<\/p>\t\t\t\t\t\t\t\t<\/div>\n\t\t\t\t<\/div>\n\t\t\t\t<div class=\"elementor-element elementor-element-a4fffeb elementor-widget elementor-widget-text-editor\" data-id=\"a4fffeb\" data-element_type=\"widget\" data-e-type=\"widget\" data-widget_type=\"text-editor.default\">\n\t\t\t\t<div class=\"elementor-widget-container\">\n\t\t\t\t\t\t\t\t\t<p>M\u00f3n Sant Benet &#8211; Cam\u00ed de Sant Benet, s\/n<br \/>08272 Sant Fruit\u00f3s de Bages (Barcelona)<\/p><p>Tax identification number: ESG63360531<\/p>\t\t\t\t\t\t\t\t<\/div>\n\t\t\t\t<\/div>\n\t\t\t\t\t<\/div>\n\t\t<\/div>\n\t\t\t\t\t<\/div>\n\t\t<\/section>\n\t\t\t\t<section class=\"elementor-section elementor-top-section elementor-element elementor-element-460a611 elementor-section-full_width elementor-section-height-default elementor-section-height-default elementor-invisible\" data-id=\"460a611\" data-element_type=\"section\" data-e-type=\"section\" data-settings=\"{&quot;animation&quot;:&quot;fadeIn&quot;}\">\n\t\t\t\t\t\t<div class=\"elementor-container elementor-column-gap-no\">\n\t\t\t\t\t<div class=\"elementor-column elementor-col-100 elementor-top-column elementor-element elementor-element-a71167f\" data-id=\"a71167f\" data-element_type=\"column\" data-e-type=\"column\">\n\t\t\t<div class=\"elementor-widget-wrap elementor-element-populated\">\n\t\t\t\t\t\t<div class=\"elementor-element elementor-element-48d939b elementor-widget elementor-widget-google_maps\" data-id=\"48d939b\" data-element_type=\"widget\" data-e-type=\"widget\" data-widget_type=\"google_maps.default\">\n\t\t\t\t<div class=\"elementor-widget-container\">\n\t\t\t\t\t\t\t<div class=\"elementor-custom-embed\">\n\t\t\t<iframe loading=\"lazy\"\n\t\t\t\t\tsrc=\"https:\/\/maps.google.com\/maps?q=Fundaci%C3%B3%20Al%C3%ADcia%2C%20Alimentaci%C3%B3%20i%20Ci%C3%A8ncia%2C%20Fundaci%C3%B3%20Privada&#038;t=m&#038;z=13&#038;output=embed&#038;iwloc=near\"\n\t\t\t\t\ttitle=\"Fundaci\u00f3 Al\u00edcia, Alimentaci\u00f3 i Ci\u00e8ncia, Fundaci\u00f3 Privada\"\n\t\t\t\t\taria-label=\"Fundaci\u00f3 Al\u00edcia, Alimentaci\u00f3 i Ci\u00e8ncia, Fundaci\u00f3 Privada\"\n\t\t\t><\/iframe>\n\t\t<\/div>\n\t\t\t\t\t\t<\/div>\n\t\t\t\t<\/div>\n\t\t\t\t\t<\/div>\n\t\t<\/div>\n\t\t\t\t\t<\/div>\n\t\t<\/section>\n\t\t\t\t<\/div>\n\t\t","protected":false},"excerpt":{"rendered":"<p>The Al\u00edcia headquarters is at M\u00f3n Sant Benet in Sant Fruit\u00f3s de Bages, quite close to Manresa and just 45 minutes from Barcelona. It\u2019s an 18-hectare cultural and leisure site that merges medieval art, gastronomy and nature to offer a unique and singular venue in Catalonia featuring the Sant Benet monastery. Al\u00edcia +34 938 759 [&hellip;]<\/p>\n","protected":false},"author":2,"featured_media":0,"parent":0,"menu_order":0,"comment_status":"closed","ping_status":"closed","template":"","meta":{"footnotes":""},"class_list":["post-3720","page","type-page","status-publish","hentry"],"yoast_head":"<!-- This site is optimized with the Yoast SEO plugin v26.9 - https:\/\/yoast.com\/product\/yoast-seo-wordpress\/ -->\n<title>Contact us - Fundaci\u00f3 Al\u00edcia<\/title>\n<meta name=\"description\" content=\"Contact us to find out more about the Foundation or if your organisation or company would like to collaborate with us.\" \/>\n<meta name=\"robots\" content=\"index, follow, max-snippet:-1, max-image-preview:large, max-video-preview:-1\" \/>\n<link rel=\"canonical\" href=\"https:\/\/alicia.cat\/en\/contact-us\/\" \/>\n<meta property=\"og:locale\" content=\"en_US\" \/>\n<meta property=\"og:type\" content=\"article\" \/>\n<meta property=\"og:title\" content=\"Contact us - Fundaci\u00f3 Al\u00edcia\" \/>\n<meta property=\"og:description\" content=\"Contact us to find out more about the Foundation or if your organisation or company would like to collaborate with us.\" \/>\n<meta property=\"og:url\" content=\"https:\/\/alicia.cat\/en\/contact-us\/\" \/>\n<meta property=\"og:site_name\" content=\"Fundaci\u00f3 Al\u00edcia\" \/>\n<meta property=\"article:publisher\" content=\"https:\/\/www.facebook.com\/FUNDACIOALICIA\" \/>\n<meta property=\"article:modified_time\" content=\"2025-06-03T06:30:33+00:00\" \/>\n<meta property=\"og:image\" content=\"https:\/\/alicia.cat\/wp-content\/uploads\/2023\/04\/c1.jpg\" \/>\n\t<meta property=\"og:image:width\" content=\"1120\" \/>\n\t<meta property=\"og:image:height\" content=\"515\" \/>\n\t<meta property=\"og:image:type\" content=\"image\/jpeg\" \/>\n<meta name=\"twitter:card\" content=\"summary_large_image\" \/>\n<meta name=\"twitter:site\" content=\"@FundacioAlicia\" \/>\n<meta name=\"twitter:label1\" content=\"Est. reading time\" \/>\n\t<meta name=\"twitter:data1\" content=\"2 minutes\" \/>\n<script type=\"application\/ld+json\" class=\"yoast-schema-graph\">{\"@context\":\"https:\/\/schema.org\",\"@graph\":[{\"@type\":\"WebPage\",\"@id\":\"https:\/\/alicia.cat\/en\/contact-us\/\",\"url\":\"https:\/\/alicia.cat\/en\/contact-us\/\",\"name\":\"Contact us - Fundaci\u00f3 Al\u00edcia\",\"isPartOf\":{\"@id\":\"https:\/\/alicia.cat\/en\/#website\"},\"primaryImageOfPage\":{\"@id\":\"https:\/\/alicia.cat\/en\/contact-us\/#primaryimage\"},\"image\":{\"@id\":\"https:\/\/alicia.cat\/en\/contact-us\/#primaryimage\"},\"thumbnailUrl\":\"https:\/\/alicia.cat\/wp-content\/uploads\/2023\/05\/contacte_logo_alicia.svg\",\"datePublished\":\"2023-05-12T11:05:14+00:00\",\"dateModified\":\"2025-06-03T06:30:33+00:00\",\"description\":\"Contact us to find out more about the Foundation or if your organisation or company would like to collaborate with us.\",\"breadcrumb\":{\"@id\":\"https:\/\/alicia.cat\/en\/contact-us\/#breadcrumb\"},\"inLanguage\":\"en-US\",\"potentialAction\":[{\"@type\":\"ReadAction\",\"target\":[\"https:\/\/alicia.cat\/en\/contact-us\/\"]}]},{\"@type\":\"ImageObject\",\"inLanguage\":\"en-US\",\"@id\":\"https:\/\/alicia.cat\/en\/contact-us\/#primaryimage\",\"url\":\"https:\/\/alicia.cat\/wp-content\/uploads\/2023\/05\/contacte_logo_alicia.svg\",\"contentUrl\":\"https:\/\/alicia.cat\/wp-content\/uploads\/2023\/05\/contacte_logo_alicia.svg\"},{\"@type\":\"BreadcrumbList\",\"@id\":\"https:\/\/alicia.cat\/en\/contact-us\/#breadcrumb\",\"itemListElement\":[{\"@type\":\"ListItem\",\"position\":1,\"name\":\"Inici\",\"item\":\"https:\/\/alicia.cat\/en\/\"},{\"@type\":\"ListItem\",\"position\":2,\"name\":\"Contact us\"}]},{\"@type\":\"WebSite\",\"@id\":\"https:\/\/alicia.cat\/en\/#website\",\"url\":\"https:\/\/alicia.cat\/en\/\",\"name\":\"Fundaci\u00f3 Al\u00edcia\",\"description\":\"\",\"publisher\":{\"@id\":\"https:\/\/alicia.cat\/en\/#organization\"},\"potentialAction\":[{\"@type\":\"SearchAction\",\"target\":{\"@type\":\"EntryPoint\",\"urlTemplate\":\"https:\/\/alicia.cat\/en\/?s={search_term_string}\"},\"query-input\":{\"@type\":\"PropertyValueSpecification\",\"valueRequired\":true,\"valueName\":\"search_term_string\"}}],\"inLanguage\":\"en-US\"},{\"@type\":\"Organization\",\"@id\":\"https:\/\/alicia.cat\/en\/#organization\",\"name\":\"Fundaci\u00f3 Al\u00edcia\",\"alternateName\":\"Al\u00edcia\",\"url\":\"https:\/\/alicia.cat\/en\/\",\"logo\":{\"@type\":\"ImageObject\",\"inLanguage\":\"en-US\",\"@id\":\"https:\/\/alicia.cat\/en\/#\/schema\/logo\/image\/\",\"url\":\"https:\/\/alicia.cat\/wp-content\/uploads\/2023\/02\/logo_alicia.svg\",\"contentUrl\":\"https:\/\/alicia.cat\/wp-content\/uploads\/2023\/02\/logo_alicia.svg\",\"width\":240,\"height\":50,\"caption\":\"Fundaci\u00f3 Al\u00edcia\"},\"image\":{\"@id\":\"https:\/\/alicia.cat\/en\/#\/schema\/logo\/image\/\"},\"sameAs\":[\"https:\/\/www.facebook.com\/FUNDACIOALICIA\",\"https:\/\/x.com\/FundacioAlicia\",\"https:\/\/www.instagram.com\/fundacioalicia\/\",\"https:\/\/www.linkedin.com\/company\/fundacionalicia\/\",\"https:\/\/www.youtube.com\/FundacioAlicia\"]}]}<\/script>\n<!-- \/ Yoast SEO plugin. -->","yoast_head_json":{"title":"Contact us - Fundaci\u00f3 Al\u00edcia","description":"Contact us to find out more about the Foundation or if your organisation or company would like to collaborate with us.","robots":{"index":"index","follow":"follow","max-snippet":"max-snippet:-1","max-image-preview":"max-image-preview:large","max-video-preview":"max-video-preview:-1"},"canonical":"https:\/\/alicia.cat\/en\/contact-us\/","og_locale":"en_US","og_type":"article","og_title":"Contact us - Fundaci\u00f3 Al\u00edcia","og_description":"Contact us to find out more about the Foundation or if your organisation or company would like to collaborate with us.","og_url":"https:\/\/alicia.cat\/en\/contact-us\/","og_site_name":"Fundaci\u00f3 Al\u00edcia","article_publisher":"https:\/\/www.facebook.com\/FUNDACIOALICIA","article_modified_time":"2025-06-03T06:30:33+00:00","og_image":[{"width":1120,"height":515,"url":"https:\/\/alicia.cat\/wp-content\/uploads\/2023\/04\/c1.jpg","type":"image\/jpeg"}],"twitter_card":"summary_large_image","twitter_site":"@FundacioAlicia","twitter_misc":{"Est. reading time":"2 minutes"},"schema":{"@context":"https:\/\/schema.org","@graph":[{"@type":"WebPage","@id":"https:\/\/alicia.cat\/en\/contact-us\/","url":"https:\/\/alicia.cat\/en\/contact-us\/","name":"Contact us - Fundaci\u00f3 Al\u00edcia","isPartOf":{"@id":"https:\/\/alicia.cat\/en\/#website"},"primaryImageOfPage":{"@id":"https:\/\/alicia.cat\/en\/contact-us\/#primaryimage"},"image":{"@id":"https:\/\/alicia.cat\/en\/contact-us\/#primaryimage"},"thumbnailUrl":"https:\/\/alicia.cat\/wp-content\/uploads\/2023\/05\/contacte_logo_alicia.svg","datePublished":"2023-05-12T11:05:14+00:00","dateModified":"2025-06-03T06:30:33+00:00","description":"Contact us to find out more about the Foundation or if your organisation or company would like to collaborate with us.","breadcrumb":{"@id":"https:\/\/alicia.cat\/en\/contact-us\/#breadcrumb"},"inLanguage":"en-US","potentialAction":[{"@type":"ReadAction","target":["https:\/\/alicia.cat\/en\/contact-us\/"]}]},{"@type":"ImageObject","inLanguage":"en-US","@id":"https:\/\/alicia.cat\/en\/contact-us\/#primaryimage","url":"https:\/\/alicia.cat\/wp-content\/uploads\/2023\/05\/contacte_logo_alicia.svg","contentUrl":"https:\/\/alicia.cat\/wp-content\/uploads\/2023\/05\/contacte_logo_alicia.svg"},{"@type":"BreadcrumbList","@id":"https:\/\/alicia.cat\/en\/contact-us\/#breadcrumb","itemListElement":[{"@type":"ListItem","position":1,"name":"Inici","item":"https:\/\/alicia.cat\/en\/"},{"@type":"ListItem","position":2,"name":"Contact us"}]},{"@type":"WebSite","@id":"https:\/\/alicia.cat\/en\/#website","url":"https:\/\/alicia.cat\/en\/","name":"Fundaci\u00f3 Al\u00edcia","description":"","publisher":{"@id":"https:\/\/alicia.cat\/en\/#organization"},"potentialAction":[{"@type":"SearchAction","target":{"@type":"EntryPoint","urlTemplate":"https:\/\/alicia.cat\/en\/?s={search_term_string}"},"query-input":{"@type":"PropertyValueSpecification","valueRequired":true,"valueName":"search_term_string"}}],"inLanguage":"en-US"},{"@type":"Organization","@id":"https:\/\/alicia.cat\/en\/#organization","name":"Fundaci\u00f3 Al\u00edcia","alternateName":"Al\u00edcia","url":"https:\/\/alicia.cat\/en\/","logo":{"@type":"ImageObject","inLanguage":"en-US","@id":"https:\/\/alicia.cat\/en\/#\/schema\/logo\/image\/","url":"https:\/\/alicia.cat\/wp-content\/uploads\/2023\/02\/logo_alicia.svg","contentUrl":"https:\/\/alicia.cat\/wp-content\/uploads\/2023\/02\/logo_alicia.svg","width":240,"height":50,"caption":"Fundaci\u00f3 Al\u00edcia"},"image":{"@id":"https:\/\/alicia.cat\/en\/#\/schema\/logo\/image\/"},"sameAs":["https:\/\/www.facebook.com\/FUNDACIOALICIA","https:\/\/x.com\/FundacioAlicia","https:\/\/www.instagram.com\/fundacioalicia\/","https:\/\/www.linkedin.com\/company\/fundacionalicia\/","https:\/\/www.youtube.com\/FundacioAlicia"]}]}},"_links":{"self":[{"href":"https:\/\/alicia.cat\/en\/wp-json\/wp\/v2\/pages\/3720","targetHints":{"allow":["GET"]}}],"collection":[{"href":"https:\/\/alicia.cat\/en\/wp-json\/wp\/v2\/pages"}],"about":[{"href":"https:\/\/alicia.cat\/en\/wp-json\/wp\/v2\/types\/page"}],"author":[{"embeddable":true,"href":"https:\/\/alicia.cat\/en\/wp-json\/wp\/v2\/users\/2"}],"replies":[{"embeddable":true,"href":"https:\/\/alicia.cat\/en\/wp-json\/wp\/v2\/comments?post=3720"}],"version-history":[{"count":0,"href":"https:\/\/alicia.cat\/en\/wp-json\/wp\/v2\/pages\/3720\/revisions"}],"wp:attachment":[{"href":"https:\/\/alicia.cat\/en\/wp-json\/wp\/v2\/media?parent=3720"}],"curies":[{"name":"wp","href":"https:\/\/api.w.org\/{rel}","templated":true}]}}