{"id":3723,"date":"2023-05-29T15:10:18","date_gmt":"2023-05-29T13:10:18","guid":{"rendered":"https:\/\/alicia.cat\/politica-de-cookies\/"},"modified":"2025-04-30T08:36:25","modified_gmt":"2025-04-30T06:36:25","slug":"cookies-policy","status":"publish","type":"page","link":"https:\/\/alicia.cat\/en\/cookies-policy\/","title":{"rendered":"Cookies policy"},"content":{"rendered":"\t\t<div data-elementor-type=\"wp-page\" data-elementor-id=\"3723\" class=\"elementor elementor-3723 elementor-3213\" data-elementor-post-type=\"page\">\n\t\t\t\t\t\t<section class=\"elementor-section elementor-top-section elementor-element elementor-element-4f3cb88d elementor-section-full_width elementor-section-height-default elementor-section-height-default\" data-id=\"4f3cb88d\" data-element_type=\"section\" data-e-type=\"section\">\n\t\t\t\t\t\t<div class=\"elementor-container elementor-column-gap-no\">\n\t\t\t\t\t<div class=\"elementor-column elementor-col-100 elementor-top-column elementor-element elementor-element-5589cee4\" data-id=\"5589cee4\" data-element_type=\"column\" data-e-type=\"column\">\n\t\t\t<div class=\"elementor-widget-wrap elementor-element-populated\">\n\t\t\t\t\t\t<section class=\"elementor-section elementor-inner-section elementor-element elementor-element-48cdbaae elementor-section-height-min-height elementor-section-content-middle elementor-section-boxed elementor-section-height-default\" data-id=\"48cdbaae\" data-element_type=\"section\" data-e-type=\"section\" data-settings=\"{&quot;background_background&quot;:&quot;classic&quot;}\">\n\t\t\t\t\t\t\t<div class=\"elementor-background-overlay\"><\/div>\n\t\t\t\t\t\t\t<div class=\"elementor-container elementor-column-gap-default\">\n\t\t\t\t\t<div class=\"elementor-column elementor-col-100 elementor-inner-column elementor-element elementor-element-23839f41\" data-id=\"23839f41\" data-element_type=\"column\" data-e-type=\"column\">\n\t\t\t<div class=\"elementor-widget-wrap elementor-element-populated\">\n\t\t\t\t\t\t<div class=\"elementor-element elementor-element-505f84f3 elementor-widget elementor-widget-heading\" data-id=\"505f84f3\" data-element_type=\"widget\" data-e-type=\"widget\" data-widget_type=\"heading.default\">\n\t\t\t\t<div class=\"elementor-widget-container\">\n\t\t\t\t\t<h1 class=\"elementor-heading-title elementor-size-default\">Cookies policy<\/h1>\t\t\t\t<\/div>\n\t\t\t\t<\/div>\n\t\t\t\t\t<\/div>\n\t\t<\/div>\n\t\t\t\t\t<\/div>\n\t\t<\/section>\n\t\t\t\t\t<\/div>\n\t\t<\/div>\n\t\t\t\t\t<\/div>\n\t\t<\/section>\n\t\t\t\t<section class=\"elementor-section elementor-top-section elementor-element elementor-element-4afb9891 elementor-section-boxed elementor-section-height-default elementor-section-height-default\" data-id=\"4afb9891\" data-element_type=\"section\" data-e-type=\"section\" id=\"politica-cookies\" data-settings=\"{&quot;background_background&quot;:&quot;classic&quot;}\">\n\t\t\t\t\t\t<div class=\"elementor-container elementor-column-gap-default\">\n\t\t\t\t\t<div class=\"elementor-column elementor-col-100 elementor-top-column elementor-element elementor-element-b2621dd\" data-id=\"b2621dd\" data-element_type=\"column\" data-e-type=\"column\">\n\t\t\t<div class=\"elementor-widget-wrap elementor-element-populated\">\n\t\t\t\t\t\t<div class=\"elementor-element elementor-element-47c3a729 elementor-widget elementor-widget-text-editor\" data-id=\"47c3a729\" data-element_type=\"widget\" data-e-type=\"widget\" data-widget_type=\"text-editor.default\">\n\t\t\t\t<div class=\"elementor-widget-container\">\n\t\t\t\t\t\t\t\t\t<p style=\"text-align: center;\"><strong>INFORMATION ABOUT COOKIES <\/strong><\/p><p>Owing to the entry into force of the aforementioned modification to the \u201cInformation Society Services Law\u201d (LSSICE) established by Royal Decree 13\/2012, it is compulsory for the explicit consent of any user using websites that employ non-essential cookies to be obtained before he\/she begins browsing.<\/p><p style=\"text-align: center;\"><strong>WHAT ARE COOKIES? <\/strong><\/p><p>Cookies and other similar technologies, such as local shared objects, flash cookies or pixels, are tools used by Web servers to store and recover information about website visitors, and also to ensure correct functioning of the website.<\/p><p>The use of these devices allows the Web server to remember some user data, such as his\/her preferences for viewing the pages on that server, name and password, products of most interest to him\/her, etc.<\/p><p style=\"text-align: center;\"><strong>COOKIES AFFECTED BY THE LEGISLATION AND COOKIES EXCEPTED <\/strong><\/p><p>According to the EU Directive, the cookies that require the user\u2019s informed consent are analytics cookies and cookies used for advertising and membership; excluded from this category are those of a technical nature and those necessary for the website to function correctly and the services explicitly requested by the user to be provided.<\/p><p><strong> WHAT TYPES OF COOKIES EXIST? <\/strong><\/p><p>There are five major groups of cookies:<\/p><ul><li>Analytics cookies: they collect information on the use made of the website.<\/li><li>Social cookies: these are necessary for external social networks.<\/li><li>Affiliate cookies: these allow tracking of visits from other websites, with which the website has signed an affiliate agreement (affiliated companies).<\/li><li>Advertising and behavioural cookies: these collect information on the user\u2019s personal preferences and choices (retargeting).<\/li><li>Technical and functional cookies: these are the cookies strictly necessary for the use of the website and the provision of the contracted service.<\/li><\/ul><p style=\"text-align: center;\"><strong>COOKIES USED ON THIS WEBSITE<\/strong><\/p><p><script\n\t\ttype=\"text\/javascript\"\n\t\tid=\"CookieDeclaration\"\n\t\tsrc=\"https:\/\/consent.cookiebot.com\/b591f9b1-5328-4984-aabc-161ba3aab074\/cd.js\"\n\t\t\tdata-culture=\"EN\"\n\t\tasync><\/script>\n<\/p><p class=\"p1\" style=\"text-align: center;\"><strong>REVOCATION OF CONSENT TO INSTALL COOKIES AND REMOVE COOKIES FROM THE BROWSER<\/strong><\/p><p><strong>Chrome<\/strong><\/p><ol><li>Select the Tools icon<\/li><li>Click on Settings.<\/li><li>Click on Advanced.<\/li><li>In the section \u201cPrivacy and security\u201d, click on Content Settings<br \/>\u2022 Remove cookies: Click on All cookies and site data\u2026<br \/>\u2022 Do not allow cookies to be stored.<\/li><li>Click on Delete browsing data (empty Cache).<\/li><li>Close and re-open the browser.<\/li><\/ol><p class=\"p1\"><span class=\"s1\">For more information on Chrome, click here: <\/span><a href=\"http:\/\/support.google.com\/chrome\/answer\/95647?hl=es\">http:\/\/support.google.com\/chrome\/answer\/95647?hl=es<\/a><\/p><p class=\"p1\"><strong>Internet Explorer. Version 11<\/strong><\/p><ol><li>Select Tools \/ Internet Options.<\/li><li>Click on the \u201cGeneral\u201d file.<\/li><li>In the section \u201cBrowsing history\u201d, click on Delete browsing history upon leaving.<\/li><li>Select Remove files.<\/li><li>Select Remove cookies.<\/li><li>Click on Remove.<\/li><li>Click on OK.<\/li><li>Close and re-open the browser.<\/li><\/ol><p class=\"p1\">For more information on Internet Explorer, click here: <a href=\"http:\/\/windows.microsoft.com\/es-419\/windows7\/how-to-manage-cookies-in-internet-explorer-9\">http:\/\/windows.microsoft.com\/es-419\/windows7\/how-to-manage-cookies-in-internet-explorer-9<\/a><\/p><p><strong>Firefox. Version 18<\/strong><\/p><ol><li>Select Firefox | History | Clear recent history.<\/li><li>Alongside &#8220;Details\u201d, click on the down arrow.<\/li><li>Select the following checkboxes: Cookies, Cache, Active Logins<\/li><li>Using \u201cTime range to clear\u201d in the pull-down menu, select Everything.<\/li><li>Click on Clear Now.<\/li><li>Close and re-open the browser.<\/li><\/ol><p class=\"p1\">You can accept or reject the cookies individually in Firefox Preferences, in the History section available in Tools &gt; Options &gt; Privacy and Security.<\/p><p class=\"p1\">For more information on Mozilla Firefox, click here:<br \/><a href=\"https:\/\/www.mozilla.org\/es-ES\/privacy\/websites\/#cookies\">https:\/\/www.mozilla.org\/es-ES\/privacy\/websites\/#cookies<\/a><\/p><p><strong>Safari Version 5.1<\/strong><\/p><ol><li>Select the Safari icon \/ Edit | Restore Safari.<\/li><li>Select the following checkboxes: Clear history, Remove all website details<\/li><li>Click on Restore.<\/li><li>Close and re-open the browser.<\/li><\/ol><p class=\"p1\">For more information on Safari, click here:<br \/><a href=\"http:\/\/support.apple.com\/kb\/PH5042\">http:\/\/support.apple.com\/kb\/PH5042<\/a><\/p><p><strong>Opera<\/strong><\/p><p class=\"p1\"><strong>Options \u2013 Advanced \u2013 Cookies.<br \/><\/strong>The cookies options control the way in which Opera deals with them and, thus, whether they are accepted or rejected.<\/p><p class=\"p1\">For more information on Opera, click here:<i><br \/><\/i><\/p><p><a href=\"http:\/\/help.opera.com\/Linux\/10.60\/es-ES\/cookies.html\">http:\/\/help.opera.com\/Linux\/10.60\/es-ES\/cookies.html<\/a><\/p><p class=\"p1\"><strong>Other browsers<\/strong><\/p><p class=\"p1\">Consult the documentation for the browser you have installed.<\/p>\t\t\t\t\t\t\t\t<\/div>\n\t\t\t\t<\/div>\n\t\t\t\t\t<\/div>\n\t\t<\/div>\n\t\t\t\t\t<\/div>\n\t\t<\/section>\n\t\t\t\t<\/div>\n\t\t","protected":false},"excerpt":{"rendered":"<p>INFORMATION ABOUT COOKIES Owing to the entry into force of the aforementioned modification to the \u201cInformation Society Services Law\u201d (LSSICE) established by Royal Decree 13\/2012, it is compulsory for the explicit consent of any user using websites that employ non-essential cookies to be obtained before he\/she begins browsing. WHAT ARE COOKIES? Cookies and other similar [&hellip;]<\/p>\n","protected":false},"author":2,"featured_media":0,"parent":0,"menu_order":0,"comment_status":"closed","ping_status":"closed","template":"","meta":{"footnotes":""},"class_list":["post-3723","page","type-page","status-publish","hentry"],"yoast_head":"<!-- This site is optimized with the Yoast SEO plugin v26.9 - https:\/\/yoast.com\/product\/yoast-seo-wordpress\/ -->\n<title>Cookies policy - Fundaci\u00f3 Al\u00edcia<\/title>\n<meta name=\"description\" content=\"Cookies policy of the Fundaci\u00f3 Al\u00edcia&#039;s website.\" \/>\n<meta name=\"robots\" content=\"index, follow, max-snippet:-1, max-image-preview:large, max-video-preview:-1\" \/>\n<link rel=\"canonical\" href=\"https:\/\/alicia.cat\/en\/cookies-policy\/\" \/>\n<meta property=\"og:locale\" content=\"en_US\" \/>\n<meta property=\"og:type\" content=\"article\" \/>\n<meta property=\"og:title\" content=\"Cookies policy - Fundaci\u00f3 Al\u00edcia\" \/>\n<meta property=\"og:description\" content=\"Cookies policy of the Fundaci\u00f3 Al\u00edcia&#039;s website.\" \/>\n<meta property=\"og:url\" content=\"https:\/\/alicia.cat\/en\/cookies-policy\/\" \/>\n<meta property=\"og:site_name\" content=\"Fundaci\u00f3 Al\u00edcia\" \/>\n<meta property=\"article:publisher\" content=\"https:\/\/www.facebook.com\/FUNDACIOALICIA\" \/>\n<meta property=\"article:modified_time\" content=\"2025-04-30T06:36:25+00:00\" \/>\n<meta property=\"og:image\" content=\"https:\/\/alicia.cat\/wp-content\/uploads\/2023\/04\/c1.jpg\" \/>\n\t<meta property=\"og:image:width\" content=\"1120\" \/>\n\t<meta property=\"og:image:height\" content=\"515\" \/>\n\t<meta property=\"og:image:type\" content=\"image\/jpeg\" \/>\n<meta name=\"twitter:card\" content=\"summary_large_image\" \/>\n<meta name=\"twitter:site\" content=\"@FundacioAlicia\" \/>\n<meta name=\"twitter:label1\" content=\"Est. reading time\" \/>\n\t<meta name=\"twitter:data1\" content=\"4 minutes\" \/>\n<script type=\"application\/ld+json\" class=\"yoast-schema-graph\">{\"@context\":\"https:\/\/schema.org\",\"@graph\":[{\"@type\":\"WebPage\",\"@id\":\"https:\/\/alicia.cat\/en\/cookies-policy\/\",\"url\":\"https:\/\/alicia.cat\/en\/cookies-policy\/\",\"name\":\"Cookies policy - Fundaci\u00f3 Al\u00edcia\",\"isPartOf\":{\"@id\":\"https:\/\/alicia.cat\/en\/#website\"},\"datePublished\":\"2023-05-29T13:10:18+00:00\",\"dateModified\":\"2025-04-30T06:36:25+00:00\",\"description\":\"Cookies policy of the Fundaci\u00f3 Al\u00edcia's website.\",\"breadcrumb\":{\"@id\":\"https:\/\/alicia.cat\/en\/cookies-policy\/#breadcrumb\"},\"inLanguage\":\"en-US\",\"potentialAction\":[{\"@type\":\"ReadAction\",\"target\":[\"https:\/\/alicia.cat\/en\/cookies-policy\/\"]}]},{\"@type\":\"BreadcrumbList\",\"@id\":\"https:\/\/alicia.cat\/en\/cookies-policy\/#breadcrumb\",\"itemListElement\":[{\"@type\":\"ListItem\",\"position\":1,\"name\":\"Inici\",\"item\":\"https:\/\/alicia.cat\/en\/\"},{\"@type\":\"ListItem\",\"position\":2,\"name\":\"Cookies policy\"}]},{\"@type\":\"WebSite\",\"@id\":\"https:\/\/alicia.cat\/en\/#website\",\"url\":\"https:\/\/alicia.cat\/en\/\",\"name\":\"Fundaci\u00f3 Al\u00edcia\",\"description\":\"\",\"publisher\":{\"@id\":\"https:\/\/alicia.cat\/en\/#organization\"},\"potentialAction\":[{\"@type\":\"SearchAction\",\"target\":{\"@type\":\"EntryPoint\",\"urlTemplate\":\"https:\/\/alicia.cat\/en\/?s={search_term_string}\"},\"query-input\":{\"@type\":\"PropertyValueSpecification\",\"valueRequired\":true,\"valueName\":\"search_term_string\"}}],\"inLanguage\":\"en-US\"},{\"@type\":\"Organization\",\"@id\":\"https:\/\/alicia.cat\/en\/#organization\",\"name\":\"Fundaci\u00f3 Al\u00edcia\",\"alternateName\":\"Al\u00edcia\",\"url\":\"https:\/\/alicia.cat\/en\/\",\"logo\":{\"@type\":\"ImageObject\",\"inLanguage\":\"en-US\",\"@id\":\"https:\/\/alicia.cat\/en\/#\/schema\/logo\/image\/\",\"url\":\"https:\/\/alicia.cat\/wp-content\/uploads\/2023\/02\/logo_alicia.svg\",\"contentUrl\":\"https:\/\/alicia.cat\/wp-content\/uploads\/2023\/02\/logo_alicia.svg\",\"width\":240,\"height\":50,\"caption\":\"Fundaci\u00f3 Al\u00edcia\"},\"image\":{\"@id\":\"https:\/\/alicia.cat\/en\/#\/schema\/logo\/image\/\"},\"sameAs\":[\"https:\/\/www.facebook.com\/FUNDACIOALICIA\",\"https:\/\/x.com\/FundacioAlicia\",\"https:\/\/www.instagram.com\/fundacioalicia\/\",\"https:\/\/www.linkedin.com\/company\/fundacionalicia\/\",\"https:\/\/www.youtube.com\/FundacioAlicia\"]}]}<\/script>\n<!-- \/ Yoast SEO plugin. -->","yoast_head_json":{"title":"Cookies policy - Fundaci\u00f3 Al\u00edcia","description":"Cookies policy of the Fundaci\u00f3 Al\u00edcia's website.","robots":{"index":"index","follow":"follow","max-snippet":"max-snippet:-1","max-image-preview":"max-image-preview:large","max-video-preview":"max-video-preview:-1"},"canonical":"https:\/\/alicia.cat\/en\/cookies-policy\/","og_locale":"en_US","og_type":"article","og_title":"Cookies policy - Fundaci\u00f3 Al\u00edcia","og_description":"Cookies policy of the Fundaci\u00f3 Al\u00edcia's website.","og_url":"https:\/\/alicia.cat\/en\/cookies-policy\/","og_site_name":"Fundaci\u00f3 Al\u00edcia","article_publisher":"https:\/\/www.facebook.com\/FUNDACIOALICIA","article_modified_time":"2025-04-30T06:36:25+00:00","og_image":[{"width":1120,"height":515,"url":"https:\/\/alicia.cat\/wp-content\/uploads\/2023\/04\/c1.jpg","type":"image\/jpeg"}],"twitter_card":"summary_large_image","twitter_site":"@FundacioAlicia","twitter_misc":{"Est. reading time":"4 minutes"},"schema":{"@context":"https:\/\/schema.org","@graph":[{"@type":"WebPage","@id":"https:\/\/alicia.cat\/en\/cookies-policy\/","url":"https:\/\/alicia.cat\/en\/cookies-policy\/","name":"Cookies policy - Fundaci\u00f3 Al\u00edcia","isPartOf":{"@id":"https:\/\/alicia.cat\/en\/#website"},"datePublished":"2023-05-29T13:10:18+00:00","dateModified":"2025-04-30T06:36:25+00:00","description":"Cookies policy of the Fundaci\u00f3 Al\u00edcia's website.","breadcrumb":{"@id":"https:\/\/alicia.cat\/en\/cookies-policy\/#breadcrumb"},"inLanguage":"en-US","potentialAction":[{"@type":"ReadAction","target":["https:\/\/alicia.cat\/en\/cookies-policy\/"]}]},{"@type":"BreadcrumbList","@id":"https:\/\/alicia.cat\/en\/cookies-policy\/#breadcrumb","itemListElement":[{"@type":"ListItem","position":1,"name":"Inici","item":"https:\/\/alicia.cat\/en\/"},{"@type":"ListItem","position":2,"name":"Cookies policy"}]},{"@type":"WebSite","@id":"https:\/\/alicia.cat\/en\/#website","url":"https:\/\/alicia.cat\/en\/","name":"Fundaci\u00f3 Al\u00edcia","description":"","publisher":{"@id":"https:\/\/alicia.cat\/en\/#organization"},"potentialAction":[{"@type":"SearchAction","target":{"@type":"EntryPoint","urlTemplate":"https:\/\/alicia.cat\/en\/?s={search_term_string}"},"query-input":{"@type":"PropertyValueSpecification","valueRequired":true,"valueName":"search_term_string"}}],"inLanguage":"en-US"},{"@type":"Organization","@id":"https:\/\/alicia.cat\/en\/#organization","name":"Fundaci\u00f3 Al\u00edcia","alternateName":"Al\u00edcia","url":"https:\/\/alicia.cat\/en\/","logo":{"@type":"ImageObject","inLanguage":"en-US","@id":"https:\/\/alicia.cat\/en\/#\/schema\/logo\/image\/","url":"https:\/\/alicia.cat\/wp-content\/uploads\/2023\/02\/logo_alicia.svg","contentUrl":"https:\/\/alicia.cat\/wp-content\/uploads\/2023\/02\/logo_alicia.svg","width":240,"height":50,"caption":"Fundaci\u00f3 Al\u00edcia"},"image":{"@id":"https:\/\/alicia.cat\/en\/#\/schema\/logo\/image\/"},"sameAs":["https:\/\/www.facebook.com\/FUNDACIOALICIA","https:\/\/x.com\/FundacioAlicia","https:\/\/www.instagram.com\/fundacioalicia\/","https:\/\/www.linkedin.com\/company\/fundacionalicia\/","https:\/\/www.youtube.com\/FundacioAlicia"]}]}},"_links":{"self":[{"href":"https:\/\/alicia.cat\/en\/wp-json\/wp\/v2\/pages\/3723","targetHints":{"allow":["GET"]}}],"collection":[{"href":"https:\/\/alicia.cat\/en\/wp-json\/wp\/v2\/pages"}],"about":[{"href":"https:\/\/alicia.cat\/en\/wp-json\/wp\/v2\/types\/page"}],"author":[{"embeddable":true,"href":"https:\/\/alicia.cat\/en\/wp-json\/wp\/v2\/users\/2"}],"replies":[{"embeddable":true,"href":"https:\/\/alicia.cat\/en\/wp-json\/wp\/v2\/comments?post=3723"}],"version-history":[{"count":0,"href":"https:\/\/alicia.cat\/en\/wp-json\/wp\/v2\/pages\/3723\/revisions"}],"wp:attachment":[{"href":"https:\/\/alicia.cat\/en\/wp-json\/wp\/v2\/media?parent=3723"}],"curies":[{"name":"wp","href":"https:\/\/api.w.org\/{rel}","templated":true}]}}