{"id":3739,"date":"2023-05-07T14:56:26","date_gmt":"2023-05-07T12:56:26","guid":{"rendered":"https:\/\/alicia.cat\/tallers-i-formacio\/"},"modified":"2026-03-25T12:09:09","modified_gmt":"2026-03-25T11:09:09","slug":"workshops","status":"publish","type":"page","link":"https:\/\/alicia.cat\/en\/workshops\/","title":{"rendered":"Workshops and Training"},"content":{"rendered":"\t\t<div data-elementor-type=\"wp-page\" data-elementor-id=\"3739\" class=\"elementor elementor-3739 elementor-2125\" data-elementor-post-type=\"page\">\n\t\t\t\t\t\t<section class=\"elementor-section elementor-top-section elementor-element elementor-element-79493ee9 elementor-section-full_width elementor-section-height-default elementor-section-height-default elementor-invisible\" data-id=\"79493ee9\" data-element_type=\"section\" data-e-type=\"section\" data-settings=\"{&quot;animation&quot;:&quot;fadeIn&quot;}\">\n\t\t\t\t\t\t<div class=\"elementor-container elementor-column-gap-no\">\n\t\t\t\t\t<div class=\"elementor-column elementor-col-100 elementor-top-column elementor-element elementor-element-17126195\" data-id=\"17126195\" data-element_type=\"column\" data-e-type=\"column\">\n\t\t\t<div class=\"elementor-widget-wrap elementor-element-populated\">\n\t\t\t\t\t\t<section class=\"elementor-section elementor-inner-section elementor-element elementor-element-340837eb elementor-section-height-min-height elementor-section-content-middle elementor-section-boxed elementor-section-height-default\" data-id=\"340837eb\" data-element_type=\"section\" data-e-type=\"section\" data-settings=\"{&quot;background_background&quot;:&quot;classic&quot;}\">\n\t\t\t\t\t\t\t<div class=\"elementor-background-overlay\"><\/div>\n\t\t\t\t\t\t\t<div class=\"elementor-container elementor-column-gap-default\">\n\t\t\t\t\t<div class=\"elementor-column elementor-col-100 elementor-inner-column elementor-element elementor-element-ed14092\" data-id=\"ed14092\" data-element_type=\"column\" data-e-type=\"column\">\n\t\t\t<div class=\"elementor-widget-wrap elementor-element-populated\">\n\t\t\t\t\t\t<div class=\"elementor-element elementor-element-5688521e elementor-widget elementor-widget-heading\" data-id=\"5688521e\" data-element_type=\"widget\" data-e-type=\"widget\" data-widget_type=\"heading.default\">\n\t\t\t\t<div class=\"elementor-widget-container\">\n\t\t\t\t\t<h1 class=\"elementor-heading-title elementor-size-default\">Workshops and Training<\/h1>\t\t\t\t<\/div>\n\t\t\t\t<\/div>\n\t\t\t\t\t<\/div>\n\t\t<\/div>\n\t\t\t\t\t<\/div>\n\t\t<\/section>\n\t\t\t\t<section class=\"elementor-section elementor-inner-section elementor-element elementor-element-120d920 elementor-section-boxed elementor-section-height-default elementor-section-height-default\" data-id=\"120d920\" data-element_type=\"section\" data-e-type=\"section\" data-settings=\"{&quot;background_background&quot;:&quot;classic&quot;}\">\n\t\t\t\t\t\t<div class=\"elementor-container elementor-column-gap-default\">\n\t\t\t\t\t<div class=\"elementor-column elementor-col-100 elementor-inner-column elementor-element elementor-element-35d22a7\" data-id=\"35d22a7\" data-element_type=\"column\" data-e-type=\"column\">\n\t\t\t<div class=\"elementor-widget-wrap elementor-element-populated\">\n\t\t\t\t\t\t<div class=\"elementor-element elementor-element-a534081 elementor-widget elementor-widget-text-editor\" data-id=\"a534081\" data-element_type=\"widget\" data-e-type=\"widget\" data-widget_type=\"text-editor.default\">\n\t\t\t\t<div class=\"elementor-widget-container\">\n\t\t\t\t\t\t\t\t\t<p>The main source of dissemination and knowledge transfer for Al\u00edcia.<\/p>\t\t\t\t\t\t\t\t<\/div>\n\t\t\t\t<\/div>\n\t\t\t\t\t<\/div>\n\t\t<\/div>\n\t\t\t\t\t<\/div>\n\t\t<\/section>\n\t\t\t\t\t<\/div>\n\t\t<\/div>\n\t\t\t\t\t<\/div>\n\t\t<\/section>\n\t\t\t\t<section class=\"elementor-section elementor-top-section elementor-element elementor-element-7f6bf09 elementor-section-boxed elementor-section-height-default elementor-section-height-default elementor-invisible\" data-id=\"7f6bf09\" data-element_type=\"section\" data-e-type=\"section\" data-settings=\"{&quot;animation&quot;:&quot;fadeIn&quot;}\">\n\t\t\t\t\t\t<div class=\"elementor-container elementor-column-gap-wide\">\n\t\t\t\t\t<div class=\"elementor-column elementor-col-33 elementor-top-column elementor-element elementor-element-5edb655\" data-id=\"5edb655\" data-element_type=\"column\" data-e-type=\"column\">\n\t\t\t<div class=\"elementor-widget-wrap elementor-element-populated\">\n\t\t\t\t\t\t<div class=\"elementor-element elementor-element-4e5f946 elementor-widget elementor-widget-e_image_hover_effects\" data-id=\"4e5f946\" data-element_type=\"widget\" data-e-type=\"widget\" data-widget_type=\"e_image_hover_effects.default\">\n\t\t\t\t<div class=\"elementor-widget-container\">\n\t\t\t\t\t\t\t\t<div class=\"eihe-box eihe-fade-in-up eihe_center\">\n\t\t\t\t<img fetchpriority=\"high\" decoding=\"async\" width=\"580\" height=\"648\" src=\"https:\/\/alicia.cat\/wp-content\/uploads\/2023\/05\/Bons-habits_580x648.jpg\" class=\"attachment-full size-full wp-image-3018\" alt=\"\" srcset=\"https:\/\/alicia.cat\/wp-content\/uploads\/2023\/05\/Bons-habits_580x648.jpg 580w, https:\/\/alicia.cat\/wp-content\/uploads\/2023\/05\/Bons-habits_580x648-269x300.jpg 269w\" sizes=\"(max-width: 580px) 100vw, 580px\" \/>\t\t\t\t<div class=\"eihe-caption\">\n\t\t\t\t\t<div class=\"eihe-title-cover\">\n\t\t\t\t\t\t\t\t\t\t\t\t<span class=\"eihe-title\"><\/span>\n\t\t\t\t\t\t\t\t\t\t\t<\/div>\n\t\t\t\t\t<p>Cooking demos and dissemination to promote good habits for all ages. Fostering better diets now and in the future to improve people\u2019s quality of life.<\/p>\n\t\t\t\t<\/div>\n\t\t\t<\/div>\n\t\t\t\t\t\t<\/div>\n\t\t\t\t<\/div>\n\t\t\t\t<div class=\"elementor-element elementor-element-83658a6 elementor-widget elementor-widget-heading\" data-id=\"83658a6\" data-element_type=\"widget\" data-e-type=\"widget\" data-widget_type=\"heading.default\">\n\t\t\t\t<div class=\"elementor-widget-container\">\n\t\t\t\t\t<h2 class=\"elementor-heading-title elementor-size-default\">Workshops to educate and promote good habits<\/h2>\t\t\t\t<\/div>\n\t\t\t\t<\/div>\n\t\t\t\t\t<\/div>\n\t\t<\/div>\n\t\t\t\t<div class=\"elementor-column elementor-col-33 elementor-top-column elementor-element elementor-element-e55f0e9\" data-id=\"e55f0e9\" data-element_type=\"column\" data-e-type=\"column\">\n\t\t\t<div class=\"elementor-widget-wrap elementor-element-populated\">\n\t\t\t\t\t\t<div class=\"elementor-element elementor-element-34d9064 elementor-widget elementor-widget-e_image_hover_effects\" data-id=\"34d9064\" data-element_type=\"widget\" data-e-type=\"widget\" data-widget_type=\"e_image_hover_effects.default\">\n\t\t\t\t<div class=\"elementor-widget-container\">\n\t\t\t\t\t\t\t\t<div class=\"eihe-box eihe-fade-in-up eihe_center\">\n\t\t\t\t<img decoding=\"async\" width=\"580\" height=\"648\" src=\"https:\/\/alicia.cat\/wp-content\/uploads\/2023\/05\/Restauracio-colectiva.jpg\" class=\"attachment-full size-full wp-image-3030\" alt=\"\" srcset=\"https:\/\/alicia.cat\/wp-content\/uploads\/2023\/05\/Restauracio-colectiva.jpg 580w, https:\/\/alicia.cat\/wp-content\/uploads\/2023\/05\/Restauracio-colectiva-269x300.jpg 269w\" sizes=\"(max-width: 580px) 100vw, 580px\" \/>\t\t\t\t<div class=\"eihe-caption\">\n\t\t\t\t\t<div class=\"eihe-title-cover\">\n\t\t\t\t\t\t\t\t\t\t\t\t<span class=\"eihe-title\"><\/span>\n\t\t\t\t\t\t\t\t\t\t\t<\/div>\n\t\t\t\t\t<p>Culinary demo sessions aimed at enhancing the culinary offering, adapting it to the needs of individual diners and based on the gastronomy culture and food heritage of the places where such services are located.<\/p>\n\t\t\t\t<\/div>\n\t\t\t<\/div>\n\t\t\t\t\t\t<\/div>\n\t\t\t\t<\/div>\n\t\t\t\t<div class=\"elementor-element elementor-element-2544706 elementor-widget elementor-widget-heading\" data-id=\"2544706\" data-element_type=\"widget\" data-e-type=\"widget\" data-widget_type=\"heading.default\">\n\t\t\t\t<div class=\"elementor-widget-container\">\n\t\t\t\t\t<h2 class=\"elementor-heading-title elementor-size-default\">Workshops to improve collective and social food services<\/h2>\t\t\t\t<\/div>\n\t\t\t\t<\/div>\n\t\t\t\t\t<\/div>\n\t\t<\/div>\n\t\t\t\t<div class=\"elementor-column elementor-col-33 elementor-top-column elementor-element elementor-element-b3e0499\" data-id=\"b3e0499\" data-element_type=\"column\" data-e-type=\"column\">\n\t\t\t<div class=\"elementor-widget-wrap elementor-element-populated\">\n\t\t\t\t\t\t<div class=\"elementor-element elementor-element-c072188 elementor-widget elementor-widget-e_image_hover_effects\" data-id=\"c072188\" data-element_type=\"widget\" data-e-type=\"widget\" data-widget_type=\"e_image_hover_effects.default\">\n\t\t\t\t<div class=\"elementor-widget-container\">\n\t\t\t\t\t\t\t\t<div class=\"eihe-box eihe-fade-in-up eihe_center\">\n\t\t\t\t<img decoding=\"async\" width=\"580\" height=\"648\" src=\"https:\/\/alicia.cat\/wp-content\/uploads\/2023\/05\/Sociosanitaris.jpg\" class=\"attachment-full size-full wp-image-3021\" alt=\"\" srcset=\"https:\/\/alicia.cat\/wp-content\/uploads\/2023\/05\/Sociosanitaris.jpg 580w, https:\/\/alicia.cat\/wp-content\/uploads\/2023\/05\/Sociosanitaris-269x300.jpg 269w\" sizes=\"(max-width: 580px) 100vw, 580px\" \/>\t\t\t\t<div class=\"eihe-caption\">\n\t\t\t\t\t<div class=\"eihe-title-cover\">\n\t\t\t\t\t\t\t\t\t\t\t\t<span class=\"eihe-title\"><\/span>\n\t\t\t\t\t\t\t\t\t\t\t<\/div>\n\t\t\t\t\t<p>Culinary demo sessions for professionals involved with food services at hospitals, residences and social health centres.<\/p>\n\t\t\t\t<\/div>\n\t\t\t<\/div>\n\t\t\t\t\t\t<\/div>\n\t\t\t\t<\/div>\n\t\t\t\t<div class=\"elementor-element elementor-element-a331f2d elementor-widget elementor-widget-heading\" data-id=\"a331f2d\" data-element_type=\"widget\" data-e-type=\"widget\" data-widget_type=\"heading.default\">\n\t\t\t\t<div class=\"elementor-widget-container\">\n\t\t\t\t\t<h2 class=\"elementor-heading-title elementor-size-default\">Workshops for social health centres and residences<\/h2>\t\t\t\t<\/div>\n\t\t\t\t<\/div>\n\t\t\t\t\t<\/div>\n\t\t<\/div>\n\t\t\t\t\t<\/div>\n\t\t<\/section>\n\t\t\t\t<section class=\"elementor-section elementor-top-section elementor-element elementor-element-400f078 elementor-section-boxed elementor-section-height-default elementor-section-height-default elementor-invisible\" data-id=\"400f078\" data-element_type=\"section\" data-e-type=\"section\" data-settings=\"{&quot;animation&quot;:&quot;fadeIn&quot;}\">\n\t\t\t\t\t\t<div class=\"elementor-container elementor-column-gap-wide\">\n\t\t\t\t\t<div class=\"elementor-column elementor-col-33 elementor-top-column elementor-element elementor-element-be7aad5\" data-id=\"be7aad5\" data-element_type=\"column\" data-e-type=\"column\">\n\t\t\t<div class=\"elementor-widget-wrap elementor-element-populated\">\n\t\t\t\t\t\t<div class=\"elementor-element elementor-element-bf89948 elementor-widget elementor-widget-e_image_hover_effects\" data-id=\"bf89948\" data-element_type=\"widget\" data-e-type=\"widget\" data-widget_type=\"e_image_hover_effects.default\">\n\t\t\t\t<div class=\"elementor-widget-container\">\n\t\t\t\t\t\t\t\t<div class=\"eihe-box eihe-fade-in-up eihe_center\">\n\t\t\t\t<img loading=\"lazy\" decoding=\"async\" width=\"580\" height=\"648\" src=\"https:\/\/alicia.cat\/wp-content\/uploads\/2023\/05\/Necessitats-especials.jpg\" class=\"attachment-full size-full wp-image-3027\" alt=\"\" srcset=\"https:\/\/alicia.cat\/wp-content\/uploads\/2023\/05\/Necessitats-especials.jpg 580w, https:\/\/alicia.cat\/wp-content\/uploads\/2023\/05\/Necessitats-especials-269x300.jpg 269w\" sizes=\"(max-width: 580px) 100vw, 580px\" \/>\t\t\t\t<div class=\"eihe-caption\">\n\t\t\t\t\t<div class=\"eihe-title-cover\">\n\t\t\t\t\t\t\t\t\t\t\t\t<span class=\"eihe-title\"><\/span>\n\t\t\t\t\t\t\t\t\t\t\t<\/div>\n\t\t\t\t\t<p>Adapted sessions with culinary proposals to enhance the day-to-day of people with special food requirements due to health or social reasons and considering the type of target public (caretakers, doctors, healthcare personnel, affected individuals...).<\/p>\n\t\t\t\t<\/div>\n\t\t\t<\/div>\n\t\t\t\t\t\t<\/div>\n\t\t\t\t<\/div>\n\t\t\t\t<div class=\"elementor-element elementor-element-64c2dac elementor-widget elementor-widget-heading\" data-id=\"64c2dac\" data-element_type=\"widget\" data-e-type=\"widget\" data-widget_type=\"heading.default\">\n\t\t\t\t<div class=\"elementor-widget-container\">\n\t\t\t\t\t<h2 class=\"elementor-heading-title elementor-size-default\">Workshops for groups with special needs<\/h2>\t\t\t\t<\/div>\n\t\t\t\t<\/div>\n\t\t\t\t\t<\/div>\n\t\t<\/div>\n\t\t\t\t<div class=\"elementor-column elementor-col-33 elementor-top-column elementor-element elementor-element-476ffa0\" data-id=\"476ffa0\" data-element_type=\"column\" data-e-type=\"column\">\n\t\t\t<div class=\"elementor-widget-wrap elementor-element-populated\">\n\t\t\t\t\t\t\t<\/div>\n\t\t<\/div>\n\t\t\t\t<div class=\"elementor-column elementor-col-33 elementor-top-column elementor-element elementor-element-8e1f0cf\" data-id=\"8e1f0cf\" data-element_type=\"column\" data-e-type=\"column\">\n\t\t\t<div class=\"elementor-widget-wrap elementor-element-populated\">\n\t\t\t\t\t\t<div class=\"elementor-element elementor-element-178d512 elementor-widget elementor-widget-e_image_hover_effects\" data-id=\"178d512\" data-element_type=\"widget\" data-e-type=\"widget\" data-widget_type=\"e_image_hover_effects.default\">\n\t\t\t\t<div class=\"elementor-widget-container\">\n\t\t\t\t\t\t\t\t<a href=\"https:\/\/monsantbenet.com\/ca\/escoles\/\" target=\"_blank\">\n\t\t\t\t\t<div class=\"eihe-box eihe-fade-in-up eihe_center\">\n\t\t\t\t<img loading=\"lazy\" decoding=\"async\" width=\"580\" height=\"648\" src=\"https:\/\/alicia.cat\/wp-content\/uploads\/2023\/05\/Escoles.jpg\" class=\"attachment-full size-full wp-image-3024\" alt=\"\" srcset=\"https:\/\/alicia.cat\/wp-content\/uploads\/2023\/05\/Escoles.jpg 580w, https:\/\/alicia.cat\/wp-content\/uploads\/2023\/05\/Escoles-269x300.jpg 269w\" sizes=\"(max-width: 580px) 100vw, 580px\" \/>\t\t\t\t<div class=\"eihe-caption\">\n\t\t\t\t\t<div class=\"eihe-title-cover\">\n\t\t\t\t\t\t\t\t\t\t\t\t<span class=\"eihe-title\"><\/span>\n\t\t\t\t\t\t\t\t\t\t\t<\/div>\n\t\t\t\t\t<p>M\u00f3n Sant Benet has a wide range of activities and workshops designed with a pedagogical approach for experiential learning.<\/p>\n\t\t\t\t<\/div>\n\t\t\t<\/div>\n\t\t\t\t\t<\/a>\n\t\t\t\t\t\t<\/div>\n\t\t\t\t<\/div>\n\t\t\t\t<div class=\"elementor-element elementor-element-64fc97f taller_item_link elementor-widget elementor-widget-heading\" data-id=\"64fc97f\" data-element_type=\"widget\" data-e-type=\"widget\" data-widget_type=\"heading.default\">\n\t\t\t\t<div class=\"elementor-widget-container\">\n\t\t\t\t\t<h2 class=\"elementor-heading-title elementor-size-default\"><a href=\"https:\/\/monsantbenet.com\/en\/schools\/\" target=\"_blank\">Workshops for schools<br \/><\/a><\/h2>\t\t\t\t<\/div>\n\t\t\t\t<\/div>\n\t\t\t\t\t<\/div>\n\t\t<\/div>\n\t\t\t\t\t<\/div>\n\t\t<\/section>\n\t\t\t\t<section class=\"elementor-section elementor-top-section elementor-element elementor-element-135dc2d elementor-section-boxed elementor-section-height-default elementor-section-height-default elementor-invisible\" data-id=\"135dc2d\" data-element_type=\"section\" data-e-type=\"section\" data-settings=\"{&quot;background_background&quot;:&quot;classic&quot;,&quot;animation&quot;:&quot;fadeIn&quot;}\">\n\t\t\t\t\t\t\t<div class=\"elementor-background-overlay\"><\/div>\n\t\t\t\t\t\t\t<div class=\"elementor-container elementor-column-gap-default\">\n\t\t\t\t\t<div class=\"elementor-column elementor-col-100 elementor-top-column elementor-element elementor-element-42ee9d1\" data-id=\"42ee9d1\" data-element_type=\"column\" data-e-type=\"column\">\n\t\t\t<div class=\"elementor-widget-wrap elementor-element-populated\">\n\t\t\t\t\t\t<div class=\"elementor-element elementor-element-f3b94c8 elementor-widget elementor-widget-heading\" data-id=\"f3b94c8\" data-element_type=\"widget\" data-e-type=\"widget\" data-widget_type=\"heading.default\">\n\t\t\t\t<div class=\"elementor-widget-container\">\n\t\t\t\t\t<p class=\"elementor-heading-title elementor-size-default\">For more information, call us or send us a message<\/p>\t\t\t\t<\/div>\n\t\t\t\t<\/div>\n\t\t\t\t<div class=\"elementor-element elementor-element-c60c2a5 elementor-widget elementor-widget-text-editor\" data-id=\"c60c2a5\" data-element_type=\"widget\" data-e-type=\"widget\" data-widget_type=\"text-editor.default\">\n\t\t\t\t<div class=\"elementor-widget-container\">\n\t\t\t\t\t\t\t\t\t<p><a href=\"tel:34938759402\">+34 93 875 94 02<\/a> \u00b7 <a href=\"mailto:info@alicia.cat\">info@alicia.cat<\/a><\/p>\t\t\t\t\t\t\t\t<\/div>\n\t\t\t\t<\/div>\n\t\t\t\t\t<\/div>\n\t\t<\/div>\n\t\t\t\t\t<\/div>\n\t\t<\/section>\n\t\t\t\t<\/div>\n\t\t","protected":false},"excerpt":{"rendered":"<p>The main source of dissemination and knowledge transfer for Al\u00edcia. Cooking demos and dissemination to promote good habits for all ages. Fostering better diets now and in the future to improve people\u2019s quality of life. Workshops to educate and promote good habits Culinary demo sessions aimed at enhancing the culinary offering, adapting it to the [&hellip;]<\/p>\n","protected":false},"author":2,"featured_media":0,"parent":0,"menu_order":0,"comment_status":"closed","ping_status":"closed","template":"","meta":{"footnotes":""},"class_list":["post-3739","page","type-page","status-publish","hentry"],"yoast_head":"<!-- This site is optimized with the Yoast SEO plugin v26.9 - https:\/\/yoast.com\/product\/yoast-seo-wordpress\/ -->\n<title>Outreach and Gastronomic Workshops - Fundaci\u00f3 Al\u00edcia<\/title>\n<meta name=\"description\" content=\"With our cooking and healthy eating workshops we disseminate the Foundation&#039;s knowledge to companies and organisations that request it.\" \/>\n<meta name=\"robots\" content=\"index, follow, max-snippet:-1, max-image-preview:large, max-video-preview:-1\" \/>\n<link rel=\"canonical\" href=\"https:\/\/alicia.cat\/en\/workshops\/\" \/>\n<meta property=\"og:locale\" content=\"en_US\" \/>\n<meta property=\"og:type\" content=\"article\" \/>\n<meta property=\"og:title\" content=\"Outreach and Gastronomic Workshops - Fundaci\u00f3 Al\u00edcia\" \/>\n<meta property=\"og:description\" content=\"With our cooking and healthy eating workshops we disseminate the Foundation&#039;s knowledge to companies and organisations that request it.\" \/>\n<meta property=\"og:url\" content=\"https:\/\/alicia.cat\/en\/workshops\/\" \/>\n<meta property=\"og:site_name\" content=\"Fundaci\u00f3 Al\u00edcia\" \/>\n<meta property=\"article:publisher\" content=\"https:\/\/www.facebook.com\/FUNDACIOALICIA\" \/>\n<meta property=\"article:modified_time\" content=\"2026-03-25T11:09:09+00:00\" \/>\n<meta property=\"og:image\" content=\"https:\/\/alicia.cat\/wp-content\/uploads\/2023\/05\/Bons-habits_580x648.jpg\" \/>\n\t<meta property=\"og:image:width\" content=\"580\" \/>\n\t<meta property=\"og:image:height\" content=\"648\" \/>\n\t<meta property=\"og:image:type\" content=\"image\/jpeg\" \/>\n<meta name=\"twitter:card\" content=\"summary_large_image\" \/>\n<meta name=\"twitter:site\" content=\"@FundacioAlicia\" \/>\n<meta name=\"twitter:label1\" content=\"Est. reading time\" \/>\n\t<meta name=\"twitter:data1\" content=\"2 minutes\" \/>\n<script type=\"application\/ld+json\" class=\"yoast-schema-graph\">{\"@context\":\"https:\/\/schema.org\",\"@graph\":[{\"@type\":\"WebPage\",\"@id\":\"https:\/\/alicia.cat\/en\/workshops\/\",\"url\":\"https:\/\/alicia.cat\/en\/workshops\/\",\"name\":\"Outreach and Gastronomic Workshops - Fundaci\u00f3 Al\u00edcia\",\"isPartOf\":{\"@id\":\"https:\/\/alicia.cat\/en\/#website\"},\"primaryImageOfPage\":{\"@id\":\"https:\/\/alicia.cat\/en\/workshops\/#primaryimage\"},\"image\":{\"@id\":\"https:\/\/alicia.cat\/en\/workshops\/#primaryimage\"},\"thumbnailUrl\":\"https:\/\/alicia.cat\/wp-content\/uploads\/2023\/05\/Bons-habits_580x648.jpg\",\"datePublished\":\"2023-05-07T12:56:26+00:00\",\"dateModified\":\"2026-03-25T11:09:09+00:00\",\"description\":\"With our cooking and healthy eating workshops we disseminate the Foundation's knowledge to companies and organisations that request it.\",\"breadcrumb\":{\"@id\":\"https:\/\/alicia.cat\/en\/workshops\/#breadcrumb\"},\"inLanguage\":\"en-US\",\"potentialAction\":[{\"@type\":\"ReadAction\",\"target\":[\"https:\/\/alicia.cat\/en\/workshops\/\"]}]},{\"@type\":\"ImageObject\",\"inLanguage\":\"en-US\",\"@id\":\"https:\/\/alicia.cat\/en\/workshops\/#primaryimage\",\"url\":\"https:\/\/alicia.cat\/wp-content\/uploads\/2023\/05\/Bons-habits_580x648.jpg\",\"contentUrl\":\"https:\/\/alicia.cat\/wp-content\/uploads\/2023\/05\/Bons-habits_580x648.jpg\"},{\"@type\":\"BreadcrumbList\",\"@id\":\"https:\/\/alicia.cat\/en\/workshops\/#breadcrumb\",\"itemListElement\":[{\"@type\":\"ListItem\",\"position\":1,\"name\":\"Inici\",\"item\":\"https:\/\/alicia.cat\/en\/\"},{\"@type\":\"ListItem\",\"position\":2,\"name\":\"Workshops and Training\"}]},{\"@type\":\"WebSite\",\"@id\":\"https:\/\/alicia.cat\/en\/#website\",\"url\":\"https:\/\/alicia.cat\/en\/\",\"name\":\"Fundaci\u00f3 Al\u00edcia\",\"description\":\"\",\"publisher\":{\"@id\":\"https:\/\/alicia.cat\/en\/#organization\"},\"potentialAction\":[{\"@type\":\"SearchAction\",\"target\":{\"@type\":\"EntryPoint\",\"urlTemplate\":\"https:\/\/alicia.cat\/en\/?s={search_term_string}\"},\"query-input\":{\"@type\":\"PropertyValueSpecification\",\"valueRequired\":true,\"valueName\":\"search_term_string\"}}],\"inLanguage\":\"en-US\"},{\"@type\":\"Organization\",\"@id\":\"https:\/\/alicia.cat\/en\/#organization\",\"name\":\"Fundaci\u00f3 Al\u00edcia\",\"alternateName\":\"Al\u00edcia\",\"url\":\"https:\/\/alicia.cat\/en\/\",\"logo\":{\"@type\":\"ImageObject\",\"inLanguage\":\"en-US\",\"@id\":\"https:\/\/alicia.cat\/en\/#\/schema\/logo\/image\/\",\"url\":\"https:\/\/alicia.cat\/wp-content\/uploads\/2023\/02\/logo_alicia.svg\",\"contentUrl\":\"https:\/\/alicia.cat\/wp-content\/uploads\/2023\/02\/logo_alicia.svg\",\"width\":240,\"height\":50,\"caption\":\"Fundaci\u00f3 Al\u00edcia\"},\"image\":{\"@id\":\"https:\/\/alicia.cat\/en\/#\/schema\/logo\/image\/\"},\"sameAs\":[\"https:\/\/www.facebook.com\/FUNDACIOALICIA\",\"https:\/\/x.com\/FundacioAlicia\",\"https:\/\/www.instagram.com\/fundacioalicia\/\",\"https:\/\/www.linkedin.com\/company\/fundacionalicia\/\",\"https:\/\/www.youtube.com\/FundacioAlicia\"]}]}<\/script>\n<!-- \/ Yoast SEO plugin. -->","yoast_head_json":{"title":"Outreach and Gastronomic Workshops - Fundaci\u00f3 Al\u00edcia","description":"With our cooking and healthy eating workshops we disseminate the Foundation's knowledge to companies and organisations that request it.","robots":{"index":"index","follow":"follow","max-snippet":"max-snippet:-1","max-image-preview":"max-image-preview:large","max-video-preview":"max-video-preview:-1"},"canonical":"https:\/\/alicia.cat\/en\/workshops\/","og_locale":"en_US","og_type":"article","og_title":"Outreach and Gastronomic Workshops - Fundaci\u00f3 Al\u00edcia","og_description":"With our cooking and healthy eating workshops we disseminate the Foundation's knowledge to companies and organisations that request it.","og_url":"https:\/\/alicia.cat\/en\/workshops\/","og_site_name":"Fundaci\u00f3 Al\u00edcia","article_publisher":"https:\/\/www.facebook.com\/FUNDACIOALICIA","article_modified_time":"2026-03-25T11:09:09+00:00","og_image":[{"width":580,"height":648,"url":"https:\/\/alicia.cat\/wp-content\/uploads\/2023\/05\/Bons-habits_580x648.jpg","type":"image\/jpeg"}],"twitter_card":"summary_large_image","twitter_site":"@FundacioAlicia","twitter_misc":{"Est. reading time":"2 minutes"},"schema":{"@context":"https:\/\/schema.org","@graph":[{"@type":"WebPage","@id":"https:\/\/alicia.cat\/en\/workshops\/","url":"https:\/\/alicia.cat\/en\/workshops\/","name":"Outreach and Gastronomic Workshops - Fundaci\u00f3 Al\u00edcia","isPartOf":{"@id":"https:\/\/alicia.cat\/en\/#website"},"primaryImageOfPage":{"@id":"https:\/\/alicia.cat\/en\/workshops\/#primaryimage"},"image":{"@id":"https:\/\/alicia.cat\/en\/workshops\/#primaryimage"},"thumbnailUrl":"https:\/\/alicia.cat\/wp-content\/uploads\/2023\/05\/Bons-habits_580x648.jpg","datePublished":"2023-05-07T12:56:26+00:00","dateModified":"2026-03-25T11:09:09+00:00","description":"With our cooking and healthy eating workshops we disseminate the Foundation's knowledge to companies and organisations that request it.","breadcrumb":{"@id":"https:\/\/alicia.cat\/en\/workshops\/#breadcrumb"},"inLanguage":"en-US","potentialAction":[{"@type":"ReadAction","target":["https:\/\/alicia.cat\/en\/workshops\/"]}]},{"@type":"ImageObject","inLanguage":"en-US","@id":"https:\/\/alicia.cat\/en\/workshops\/#primaryimage","url":"https:\/\/alicia.cat\/wp-content\/uploads\/2023\/05\/Bons-habits_580x648.jpg","contentUrl":"https:\/\/alicia.cat\/wp-content\/uploads\/2023\/05\/Bons-habits_580x648.jpg"},{"@type":"BreadcrumbList","@id":"https:\/\/alicia.cat\/en\/workshops\/#breadcrumb","itemListElement":[{"@type":"ListItem","position":1,"name":"Inici","item":"https:\/\/alicia.cat\/en\/"},{"@type":"ListItem","position":2,"name":"Workshops and Training"}]},{"@type":"WebSite","@id":"https:\/\/alicia.cat\/en\/#website","url":"https:\/\/alicia.cat\/en\/","name":"Fundaci\u00f3 Al\u00edcia","description":"","publisher":{"@id":"https:\/\/alicia.cat\/en\/#organization"},"potentialAction":[{"@type":"SearchAction","target":{"@type":"EntryPoint","urlTemplate":"https:\/\/alicia.cat\/en\/?s={search_term_string}"},"query-input":{"@type":"PropertyValueSpecification","valueRequired":true,"valueName":"search_term_string"}}],"inLanguage":"en-US"},{"@type":"Organization","@id":"https:\/\/alicia.cat\/en\/#organization","name":"Fundaci\u00f3 Al\u00edcia","alternateName":"Al\u00edcia","url":"https:\/\/alicia.cat\/en\/","logo":{"@type":"ImageObject","inLanguage":"en-US","@id":"https:\/\/alicia.cat\/en\/#\/schema\/logo\/image\/","url":"https:\/\/alicia.cat\/wp-content\/uploads\/2023\/02\/logo_alicia.svg","contentUrl":"https:\/\/alicia.cat\/wp-content\/uploads\/2023\/02\/logo_alicia.svg","width":240,"height":50,"caption":"Fundaci\u00f3 Al\u00edcia"},"image":{"@id":"https:\/\/alicia.cat\/en\/#\/schema\/logo\/image\/"},"sameAs":["https:\/\/www.facebook.com\/FUNDACIOALICIA","https:\/\/x.com\/FundacioAlicia","https:\/\/www.instagram.com\/fundacioalicia\/","https:\/\/www.linkedin.com\/company\/fundacionalicia\/","https:\/\/www.youtube.com\/FundacioAlicia"]}]}},"_links":{"self":[{"href":"https:\/\/alicia.cat\/en\/wp-json\/wp\/v2\/pages\/3739","targetHints":{"allow":["GET"]}}],"collection":[{"href":"https:\/\/alicia.cat\/en\/wp-json\/wp\/v2\/pages"}],"about":[{"href":"https:\/\/alicia.cat\/en\/wp-json\/wp\/v2\/types\/page"}],"author":[{"embeddable":true,"href":"https:\/\/alicia.cat\/en\/wp-json\/wp\/v2\/users\/2"}],"replies":[{"embeddable":true,"href":"https:\/\/alicia.cat\/en\/wp-json\/wp\/v2\/comments?post=3739"}],"version-history":[{"count":3,"href":"https:\/\/alicia.cat\/en\/wp-json\/wp\/v2\/pages\/3739\/revisions"}],"predecessor-version":[{"id":6669,"href":"https:\/\/alicia.cat\/en\/wp-json\/wp\/v2\/pages\/3739\/revisions\/6669"}],"wp:attachment":[{"href":"https:\/\/alicia.cat\/en\/wp-json\/wp\/v2\/media?parent=3739"}],"curies":[{"name":"wp","href":"https:\/\/api.w.org\/{rel}","templated":true}]}}