{"id":3412,"date":"2023-05-29T15:10:18","date_gmt":"2023-05-29T13:10:18","guid":{"rendered":"https:\/\/alicia.cat\/politica-de-cookies\/"},"modified":"2025-04-29T14:03:29","modified_gmt":"2025-04-29T12:03:29","slug":"politica-de-cookies","status":"publish","type":"page","link":"https:\/\/alicia.cat\/es\/politica-de-cookies\/","title":{"rendered":"Pol\u00edtica de cookies"},"content":{"rendered":"\t\t<div data-elementor-type=\"wp-page\" data-elementor-id=\"3412\" class=\"elementor elementor-3412 elementor-3213\" data-elementor-post-type=\"page\">\n\t\t\t\t\t\t<section class=\"elementor-section elementor-top-section elementor-element elementor-element-4f3cb88d elementor-section-full_width elementor-section-height-default elementor-section-height-default\" data-id=\"4f3cb88d\" data-element_type=\"section\" data-e-type=\"section\">\n\t\t\t\t\t\t<div class=\"elementor-container elementor-column-gap-no\">\n\t\t\t\t\t<div class=\"elementor-column elementor-col-100 elementor-top-column elementor-element elementor-element-5589cee4\" data-id=\"5589cee4\" data-element_type=\"column\" data-e-type=\"column\">\n\t\t\t<div class=\"elementor-widget-wrap elementor-element-populated\">\n\t\t\t\t\t\t<section class=\"elementor-section elementor-inner-section elementor-element elementor-element-48cdbaae elementor-section-height-min-height elementor-section-content-middle elementor-section-boxed elementor-section-height-default\" data-id=\"48cdbaae\" data-element_type=\"section\" data-e-type=\"section\" data-settings=\"{&quot;background_background&quot;:&quot;classic&quot;}\">\n\t\t\t\t\t\t\t<div class=\"elementor-background-overlay\"><\/div>\n\t\t\t\t\t\t\t<div class=\"elementor-container elementor-column-gap-default\">\n\t\t\t\t\t<div class=\"elementor-column elementor-col-100 elementor-inner-column elementor-element elementor-element-23839f41\" data-id=\"23839f41\" data-element_type=\"column\" data-e-type=\"column\">\n\t\t\t<div class=\"elementor-widget-wrap elementor-element-populated\">\n\t\t\t\t\t\t<div class=\"elementor-element elementor-element-505f84f3 elementor-widget elementor-widget-heading\" data-id=\"505f84f3\" data-element_type=\"widget\" data-e-type=\"widget\" data-widget_type=\"heading.default\">\n\t\t\t\t<div class=\"elementor-widget-container\">\n\t\t\t\t\t<h1 class=\"elementor-heading-title elementor-size-default\">Pol\u00edtica de cookies<\/h1>\t\t\t\t<\/div>\n\t\t\t\t<\/div>\n\t\t\t\t\t<\/div>\n\t\t<\/div>\n\t\t\t\t\t<\/div>\n\t\t<\/section>\n\t\t\t\t\t<\/div>\n\t\t<\/div>\n\t\t\t\t\t<\/div>\n\t\t<\/section>\n\t\t\t\t<section class=\"elementor-section elementor-top-section elementor-element elementor-element-4afb9891 elementor-section-boxed elementor-section-height-default elementor-section-height-default\" data-id=\"4afb9891\" data-element_type=\"section\" data-e-type=\"section\" id=\"politica-cookies\" data-settings=\"{&quot;background_background&quot;:&quot;classic&quot;}\">\n\t\t\t\t\t\t<div class=\"elementor-container elementor-column-gap-default\">\n\t\t\t\t\t<div class=\"elementor-column elementor-col-100 elementor-top-column elementor-element elementor-element-b2621dd\" data-id=\"b2621dd\" data-element_type=\"column\" data-e-type=\"column\">\n\t\t\t<div class=\"elementor-widget-wrap elementor-element-populated\">\n\t\t\t\t\t\t<div class=\"elementor-element elementor-element-47c3a729 elementor-widget elementor-widget-text-editor\" data-id=\"47c3a729\" data-element_type=\"widget\" data-e-type=\"widget\" data-widget_type=\"text-editor.default\">\n\t\t\t\t<div class=\"elementor-widget-container\">\n\t\t\t\t\t\t\t\t\t<p style=\"text-align: center;\"><strong>INFORMACI\u00d3N SOBRE COOKIES<\/strong><\/p><p>Debido a la entrada en vigor de la referente modificaci\u00f3n de la \u201cLey de Servicios de la Sociedad de la Informaci\u00f3n\u201d (LSSICE) establecida por el Real Decreto 13\/2012, es de obligaci\u00f3n obtener el consentimiento expreso del usuario de todas las p\u00e1ginas web que usan cookies prescindibles, antes de que \u00e9ste navegue por ellas.<\/p><p style=\"text-align: center;\"><strong>\u00bfQU\u00c9 SON LAS COOKIES?<\/strong><\/p><p>Las cookies y otras tecnolog\u00edas similares tales como local shared objects, flash cookies o p\u00edxeles, son herramientas empleadas por los servidores Web para almacenar y recuperar informaci\u00f3n acerca de sus visitantes, as\u00ed como para ofrecer un correcto funcionamiento del sitio.<br \/>Mediante el uso de estos dispositivos se permite al servidor Web recordar algunos datos concernientes al usuario, como sus preferencias para la visualizaci\u00f3n de las p\u00e1ginas de ese servidor, nombre y contrase\u00f1a, productos que m\u00e1s le interesan, etc.<\/p><p style=\"text-align: center;\"><strong>COOKIES AFECTADAS POR LA NORMATIVA Y COOKIES EXCEPTUADAS<\/strong><\/p><p>Seg\u00fan la directiva de la UE, las cookies que requieren el consentimiento informado por parte del usuario son las cookies de anal\u00edtica y las de publicidad y afiliaci\u00f3n, quedando exceptuadas las de car\u00e1cter t\u00e9cnico y las necesarias para el funcionamiento del sitio web o la prestaci\u00f3n de servicios expresamente solicitados por el usuario.<\/p><p style=\"text-align: center;\"><strong>\u00bfQU\u00c9 TIPOS DE COOKIES EXISTEN?<\/strong><\/p><p>Sobre los tipos de cookies, existen cinco grandes grupos:<\/p><ul><li>Cookies anal\u00edticas: recogen informaci\u00f3n del uso que se realiza del sitio web.<\/li><li>Cookies sociales: son aquellas necesarias para redes sociales externas.<\/li><li>Cookies de afiliados: permiten hacer un seguimiento de las visitas procedentes de otras webs, con las que el sitio web establece un contrato de afiliaci\u00f3n (empresas de afiliaci\u00f3n).<\/li><li>Cookies de publicidad y comportamentales: recogen informaci\u00f3n sobre las preferencias y elecciones personales del usuario (retargeting).<\/li><li>Cookies t\u00e9cnicas y funcionales: son las estrictamente necesarias para el uso del sitio web y para la prestaci\u00f3n del servicio contratado.<\/li><\/ul><p>\u00a0<\/p><p style=\"text-align: center;\"><strong>COOKIES QUE SE UTILIZAN EN ESTE SITIO WEB<\/strong><\/p><p><script\n\t\ttype=\"text\/javascript\"\n\t\tid=\"CookieDeclaration\"\n\t\tsrc=\"https:\/\/consent.cookiebot.com\/b591f9b1-5328-4984-aabc-161ba3aab074\/cd.js\"\n\t\t\tdata-culture=\"ES\"\n\t\tasync><\/script>\n<\/p><p style=\"text-align: center;\"><strong>LAS COOKIES DEL NAVEGADOR <\/strong><\/p><p><strong>Chrome <\/strong><\/p><ol><li>Selecciona el icono de Herramientas<\/li><li>Haz clic en Configuraci\u00f3n.<\/li><li>Haz clic en Mostrar Opciones Avanzadas.<\/li><li>En la secci\u00f3n \u00abPrivacidad\u00bb haz clic en Configuraci\u00f3n de contenido. \u2022 Eliminar cookies: Haz clic en Todas las cookies y los datos de sitios\u2026 \u2022 No permitir que se almacenen cookies.<\/li><li>Haz clic en Eliminar datos de navegaci\u00f3n (vaciar la Cach\u00e9).<\/li><li>Cierra y reinicia el navegador.<\/li><\/ol><p>Para m\u00e1s informaci\u00f3n sobre Chrome pulse aqu\u00ed: <a href=\"http:\/\/support.google.com\/chrome\/answer\/95647?hl=es\">http:\/\/support.google.com\/chrome\/answer\/95647?hl=es <\/a><\/p><p><strong>Internet Explorer. Versi\u00f3n 11 <\/strong><\/p><ol><li>Selecciona Herramientas | Opciones de Internet.<\/li><li>Haz clic en la ficha General.<\/li><li>En la secci\u00f3n \u00abHistorial de exploraci\u00f3n\u00bb, haz clic en Eliminar el historial de exploraci\u00f3n al salir.<\/li><li>Seleccionar Eliminar archivos.<\/li><li>Seleccionar Eliminar cookies.<\/li><li>Haz clic en Eliminar.<\/li><li>Haz clic en Aceptar.<\/li><li>Cierra y reinicia el navegador.<\/li><\/ol><p>Para m\u00e1s informaci\u00f3n sobre Internet Explorer pulse aqu\u00ed: <a href=\"http:\/\/windows.microsoft.com\/es-419\/windows7\/how-to-manage-cookies-in-internet-explorer-9\">http:\/\/windows.microsoft.com\/es-419\/windows7\/how-to-manage-cookies-in-internet-explorer-9<\/a><\/p><p><strong>Firefox. Versi\u00f3n 18 <\/strong><\/p><ol><li>Selecciona Firefox | Historial | Limpiar el historial reciente.<\/li><li>Al lado de \u00abDetalles\u00bb, haz clic en la flecha hacia abajo.<\/li><li>Selecciona las siguientes casillas de verificaci\u00f3n: Cookies, Cach\u00e9, Inicios de sesi\u00f3n activos<\/li><li>Usando el \u00abIntervalo de tiempo para borrar\u00bb en el men\u00fa desplegable, selecciona Todo.<\/li><li>Haz clic en Borrar ahora.<\/li><li>Cierra y reinicia el navegador. Puede aceptar o rechazar las cookies individualmente en las Preferencias de Firefox, en la secci\u00f3n Historial disponible en Herramientas &gt; Opciones &gt; Privacidad.<\/li><\/ol><p>Para m\u00e1s informaci\u00f3n sobre Mozilla Firefox pulse aqu\u00ed: <a href=\"https:\/\/www.mozilla.org\/es-ES\/privacy\/websites\/#cookies\">https:\/\/www.mozilla.org\/es-ES\/privacy\/websites\/#cookies <\/a><\/p><p><strong>Safari Versi\u00f3n 5.1 <\/strong><\/p><ol><li>Selecciona el icono de Safari \/ Editar | Restaurar Safari.<\/li><li>Selecciona las siguientes casillas de verificaci\u00f3n: Borrar el historial, Eliminar todos los datos de sitio web<\/li><li>Haz clic en Restablecer.<\/li><li>Cierra y reinicia el navegador.<\/li><\/ol><p>Para m\u00e1s informaci\u00f3n sobre Safari pulse aqu\u00ed: <a href=\"http:\/\/support.apple.com\/kb\/PH5042\">http:\/\/support.apple.com\/kb\/PH5042 <\/a><\/p><p><strong>Opera <\/strong><\/p><p>Opciones &#8211; Avanzado &#8211; Cookies. Las opciones de cookies controlan el modo en que Opera los maneja y por lo tanto su aceptaci\u00f3n o rechazo.<\/p><p>Para m\u00e1s informaci\u00f3n sobre \u00d3pera pulse aqu\u00ed: <a href=\"http:\/\/help.opera.com\/Linux\/10.60\/es-ES\/cookies.html\">http:\/\/help.opera.com\/Linux\/10.60\/es-ES\/cookies.html <\/a><\/p><p><strong>Otros navegadores <\/strong><\/p><p>Consulte la documentaci\u00f3n del navegador que tenga instalado.<\/p>\t\t\t\t\t\t\t\t<\/div>\n\t\t\t\t<\/div>\n\t\t\t\t\t<\/div>\n\t\t<\/div>\n\t\t\t\t\t<\/div>\n\t\t<\/section>\n\t\t\t\t<\/div>\n\t\t","protected":false},"excerpt":{"rendered":"<p>INFORMACI\u00d3N SOBRE COOKIES Debido a la entrada en vigor de la referente modificaci\u00f3n de la \u201cLey de Servicios de la Sociedad de la Informaci\u00f3n\u201d (LSSICE) establecida por el Real Decreto 13\/2012, es de obligaci\u00f3n obtener el consentimiento expreso del usuario de todas las p\u00e1ginas web que usan cookies prescindibles, antes de que \u00e9ste navegue por [&hellip;]<\/p>\n","protected":false},"author":2,"featured_media":0,"parent":0,"menu_order":0,"comment_status":"closed","ping_status":"closed","template":"","meta":{"footnotes":""},"class_list":["post-3412","page","type-page","status-publish","hentry"],"yoast_head":"<!-- This site is optimized with the Yoast SEO plugin v26.9 - https:\/\/yoast.com\/product\/yoast-seo-wordpress\/ -->\n<title>Pol\u00edtica de cookies - Fundaci\u00f3 Al\u00edcia<\/title>\n<meta name=\"description\" content=\"P\u00e1gina de pol\u00edtica cookies del sitio web de Fundaci\u00f3n Al\u00edcia.\" \/>\n<meta name=\"robots\" content=\"index, follow, max-snippet:-1, max-image-preview:large, max-video-preview:-1\" \/>\n<link rel=\"canonical\" href=\"https:\/\/alicia.cat\/es\/politica-de-cookies\/\" \/>\n<meta property=\"og:locale\" content=\"es_ES\" \/>\n<meta property=\"og:type\" content=\"article\" \/>\n<meta property=\"og:title\" content=\"Pol\u00edtica de cookies - Fundaci\u00f3 Al\u00edcia\" \/>\n<meta property=\"og:description\" content=\"P\u00e1gina de pol\u00edtica cookies del sitio web de Fundaci\u00f3n Al\u00edcia.\" \/>\n<meta property=\"og:url\" content=\"https:\/\/alicia.cat\/es\/politica-de-cookies\/\" \/>\n<meta property=\"og:site_name\" content=\"Fundaci\u00f3 Al\u00edcia\" \/>\n<meta property=\"article:publisher\" content=\"https:\/\/www.facebook.com\/FUNDACIOALICIA\" \/>\n<meta property=\"article:modified_time\" content=\"2025-04-29T12:03:29+00:00\" \/>\n<meta property=\"og:image\" content=\"https:\/\/alicia.cat\/wp-content\/uploads\/2023\/04\/c1.jpg\" \/>\n\t<meta property=\"og:image:width\" content=\"1120\" \/>\n\t<meta property=\"og:image:height\" content=\"515\" \/>\n\t<meta property=\"og:image:type\" content=\"image\/jpeg\" \/>\n<meta name=\"twitter:card\" content=\"summary_large_image\" \/>\n<meta name=\"twitter:site\" content=\"@FundacioAlicia\" \/>\n<meta name=\"twitter:label1\" content=\"Tiempo de lectura\" \/>\n\t<meta name=\"twitter:data1\" content=\"4 minutos\" \/>\n<script type=\"application\/ld+json\" class=\"yoast-schema-graph\">{\"@context\":\"https:\/\/schema.org\",\"@graph\":[{\"@type\":\"WebPage\",\"@id\":\"https:\/\/alicia.cat\/es\/politica-de-cookies\/\",\"url\":\"https:\/\/alicia.cat\/es\/politica-de-cookies\/\",\"name\":\"Pol\u00edtica de cookies - Fundaci\u00f3 Al\u00edcia\",\"isPartOf\":{\"@id\":\"https:\/\/alicia.cat\/es\/#website\"},\"datePublished\":\"2023-05-29T13:10:18+00:00\",\"dateModified\":\"2025-04-29T12:03:29+00:00\",\"description\":\"P\u00e1gina de pol\u00edtica cookies del sitio web de Fundaci\u00f3n Al\u00edcia.\",\"breadcrumb\":{\"@id\":\"https:\/\/alicia.cat\/es\/politica-de-cookies\/#breadcrumb\"},\"inLanguage\":\"es\",\"potentialAction\":[{\"@type\":\"ReadAction\",\"target\":[\"https:\/\/alicia.cat\/es\/politica-de-cookies\/\"]}]},{\"@type\":\"BreadcrumbList\",\"@id\":\"https:\/\/alicia.cat\/es\/politica-de-cookies\/#breadcrumb\",\"itemListElement\":[{\"@type\":\"ListItem\",\"position\":1,\"name\":\"Inici\",\"item\":\"https:\/\/alicia.cat\/es\/\"},{\"@type\":\"ListItem\",\"position\":2,\"name\":\"Pol\u00edtica de cookies\"}]},{\"@type\":\"WebSite\",\"@id\":\"https:\/\/alicia.cat\/es\/#website\",\"url\":\"https:\/\/alicia.cat\/es\/\",\"name\":\"Fundaci\u00f3 Al\u00edcia\",\"description\":\"\",\"publisher\":{\"@id\":\"https:\/\/alicia.cat\/es\/#organization\"},\"potentialAction\":[{\"@type\":\"SearchAction\",\"target\":{\"@type\":\"EntryPoint\",\"urlTemplate\":\"https:\/\/alicia.cat\/es\/?s={search_term_string}\"},\"query-input\":{\"@type\":\"PropertyValueSpecification\",\"valueRequired\":true,\"valueName\":\"search_term_string\"}}],\"inLanguage\":\"es\"},{\"@type\":\"Organization\",\"@id\":\"https:\/\/alicia.cat\/es\/#organization\",\"name\":\"Fundaci\u00f3 Al\u00edcia\",\"alternateName\":\"Al\u00edcia\",\"url\":\"https:\/\/alicia.cat\/es\/\",\"logo\":{\"@type\":\"ImageObject\",\"inLanguage\":\"es\",\"@id\":\"https:\/\/alicia.cat\/es\/#\/schema\/logo\/image\/\",\"url\":\"https:\/\/alicia.cat\/wp-content\/uploads\/2023\/02\/logo_alicia.svg\",\"contentUrl\":\"https:\/\/alicia.cat\/wp-content\/uploads\/2023\/02\/logo_alicia.svg\",\"width\":240,\"height\":50,\"caption\":\"Fundaci\u00f3 Al\u00edcia\"},\"image\":{\"@id\":\"https:\/\/alicia.cat\/es\/#\/schema\/logo\/image\/\"},\"sameAs\":[\"https:\/\/www.facebook.com\/FUNDACIOALICIA\",\"https:\/\/x.com\/FundacioAlicia\",\"https:\/\/www.instagram.com\/fundacioalicia\/\",\"https:\/\/www.linkedin.com\/company\/fundacionalicia\/\",\"https:\/\/www.youtube.com\/FundacioAlicia\"]}]}<\/script>\n<!-- \/ Yoast SEO plugin. -->","yoast_head_json":{"title":"Pol\u00edtica de cookies - Fundaci\u00f3 Al\u00edcia","description":"P\u00e1gina de pol\u00edtica cookies del sitio web de Fundaci\u00f3n Al\u00edcia.","robots":{"index":"index","follow":"follow","max-snippet":"max-snippet:-1","max-image-preview":"max-image-preview:large","max-video-preview":"max-video-preview:-1"},"canonical":"https:\/\/alicia.cat\/es\/politica-de-cookies\/","og_locale":"es_ES","og_type":"article","og_title":"Pol\u00edtica de cookies - Fundaci\u00f3 Al\u00edcia","og_description":"P\u00e1gina de pol\u00edtica cookies del sitio web de Fundaci\u00f3n Al\u00edcia.","og_url":"https:\/\/alicia.cat\/es\/politica-de-cookies\/","og_site_name":"Fundaci\u00f3 Al\u00edcia","article_publisher":"https:\/\/www.facebook.com\/FUNDACIOALICIA","article_modified_time":"2025-04-29T12:03:29+00:00","og_image":[{"width":1120,"height":515,"url":"https:\/\/alicia.cat\/wp-content\/uploads\/2023\/04\/c1.jpg","type":"image\/jpeg"}],"twitter_card":"summary_large_image","twitter_site":"@FundacioAlicia","twitter_misc":{"Tiempo de lectura":"4 minutos"},"schema":{"@context":"https:\/\/schema.org","@graph":[{"@type":"WebPage","@id":"https:\/\/alicia.cat\/es\/politica-de-cookies\/","url":"https:\/\/alicia.cat\/es\/politica-de-cookies\/","name":"Pol\u00edtica de cookies - Fundaci\u00f3 Al\u00edcia","isPartOf":{"@id":"https:\/\/alicia.cat\/es\/#website"},"datePublished":"2023-05-29T13:10:18+00:00","dateModified":"2025-04-29T12:03:29+00:00","description":"P\u00e1gina de pol\u00edtica cookies del sitio web de Fundaci\u00f3n Al\u00edcia.","breadcrumb":{"@id":"https:\/\/alicia.cat\/es\/politica-de-cookies\/#breadcrumb"},"inLanguage":"es","potentialAction":[{"@type":"ReadAction","target":["https:\/\/alicia.cat\/es\/politica-de-cookies\/"]}]},{"@type":"BreadcrumbList","@id":"https:\/\/alicia.cat\/es\/politica-de-cookies\/#breadcrumb","itemListElement":[{"@type":"ListItem","position":1,"name":"Inici","item":"https:\/\/alicia.cat\/es\/"},{"@type":"ListItem","position":2,"name":"Pol\u00edtica de cookies"}]},{"@type":"WebSite","@id":"https:\/\/alicia.cat\/es\/#website","url":"https:\/\/alicia.cat\/es\/","name":"Fundaci\u00f3 Al\u00edcia","description":"","publisher":{"@id":"https:\/\/alicia.cat\/es\/#organization"},"potentialAction":[{"@type":"SearchAction","target":{"@type":"EntryPoint","urlTemplate":"https:\/\/alicia.cat\/es\/?s={search_term_string}"},"query-input":{"@type":"PropertyValueSpecification","valueRequired":true,"valueName":"search_term_string"}}],"inLanguage":"es"},{"@type":"Organization","@id":"https:\/\/alicia.cat\/es\/#organization","name":"Fundaci\u00f3 Al\u00edcia","alternateName":"Al\u00edcia","url":"https:\/\/alicia.cat\/es\/","logo":{"@type":"ImageObject","inLanguage":"es","@id":"https:\/\/alicia.cat\/es\/#\/schema\/logo\/image\/","url":"https:\/\/alicia.cat\/wp-content\/uploads\/2023\/02\/logo_alicia.svg","contentUrl":"https:\/\/alicia.cat\/wp-content\/uploads\/2023\/02\/logo_alicia.svg","width":240,"height":50,"caption":"Fundaci\u00f3 Al\u00edcia"},"image":{"@id":"https:\/\/alicia.cat\/es\/#\/schema\/logo\/image\/"},"sameAs":["https:\/\/www.facebook.com\/FUNDACIOALICIA","https:\/\/x.com\/FundacioAlicia","https:\/\/www.instagram.com\/fundacioalicia\/","https:\/\/www.linkedin.com\/company\/fundacionalicia\/","https:\/\/www.youtube.com\/FundacioAlicia"]}]}},"_links":{"self":[{"href":"https:\/\/alicia.cat\/es\/wp-json\/wp\/v2\/pages\/3412","targetHints":{"allow":["GET"]}}],"collection":[{"href":"https:\/\/alicia.cat\/es\/wp-json\/wp\/v2\/pages"}],"about":[{"href":"https:\/\/alicia.cat\/es\/wp-json\/wp\/v2\/types\/page"}],"author":[{"embeddable":true,"href":"https:\/\/alicia.cat\/es\/wp-json\/wp\/v2\/users\/2"}],"replies":[{"embeddable":true,"href":"https:\/\/alicia.cat\/es\/wp-json\/wp\/v2\/comments?post=3412"}],"version-history":[{"count":0,"href":"https:\/\/alicia.cat\/es\/wp-json\/wp\/v2\/pages\/3412\/revisions"}],"wp:attachment":[{"href":"https:\/\/alicia.cat\/es\/wp-json\/wp\/v2\/media?parent=3412"}],"curies":[{"name":"wp","href":"https:\/\/api.w.org\/{rel}","templated":true}]}}